{"id":13,"date":"2024-06-06T11:49:04","date_gmt":"2024-06-06T09:49:04","guid":{"rendered":"https:\/\/sites8.digitalya.es\/tiendamasruedascoslada.com\/carrito\/"},"modified":"2025-08-13T15:27:52","modified_gmt":"2025-08-13T13:27:52","slug":"carrito","status":"publish","type":"page","link":"https:\/\/tiendamasruedascoslada.com\/carrito\/","title":{"rendered":"Carrito"},"content":{"rendered":"\t\t<div data-elementor-type=\"wp-page\" data-elementor-id=\"13\" class=\"elementor elementor-13\" data-elementor-post-type=\"page\">\n\t\t\t\t<div class=\"elementor-element elementor-element-88a0406 e-flex e-con-boxed e-con e-parent\" data-id=\"88a0406\" data-element_type=\"container\" data-settings=\"{&quot;jet_parallax_layout_list&quot;:[]}\">\n\t\t\t\t\t<div class=\"e-con-inner\">\n\t\t\t\t<div class=\"elementor-element elementor-element-21b25f74 elementor-widget elementor-widget-text-editor\" data-id=\"21b25f74\" data-element_type=\"widget\" data-widget_type=\"text-editor.default\">\n\t\t\t\t<div class=\"elementor-widget-container\">\n\t\t\t\t\t\t\t\t\t\n<div data-block-name=\"woocommerce\/cart\" class=\"wp-block-woocommerce-cart alignwide is-loading\">\n<div data-block-name=\"woocommerce\/filled-cart-block\" class=\"wp-block-woocommerce-filled-cart-block\">\n<div data-block-name=\"woocommerce\/cart-items-block\" class=\"wp-block-woocommerce-cart-items-block\">\n<div data-block-name=\"woocommerce\/cart-line-items-block\" class=\"wp-block-woocommerce-cart-line-items-block\"><\/div>\n\n\n\n<div data-block-name=\"woocommerce\/cart-cross-sells-block\" class=\"wp-block-woocommerce-cart-cross-sells-block\">\n<h2 class=\"wp-block-heading has-large-font-size\">Puede que te interese\u2026<\/h2>\n\n\n\n<div data-block-name=\"woocommerce\/cart-cross-sells-products-block\" class=\"wp-block-woocommerce-cart-cross-sells-products-block\"><\/div>\n<\/div>\n<\/div>\n\n\n\n<div data-block-name=\"woocommerce\/cart-totals-block\" class=\"wp-block-woocommerce-cart-totals-block\">\n<div data-block-name=\"woocommerce\/cart-order-summary-block\" class=\"wp-block-woocommerce-cart-order-summary-block\">\n<div data-block-name=\"woocommerce\/cart-order-summary-heading-block\" class=\"wp-block-woocommerce-cart-order-summary-heading-block\"><\/div><div data-block-name=\"woocommerce\/cart-order-summary-coupon-form-block\" class=\"wp-block-woocommerce-cart-order-summary-coupon-form-block\"><\/div><div data-block-name=\"woocommerce\/cart-order-summary-totals-block\" class=\"wp-block-woocommerce-cart-order-summary-totals-block\">\n<div data-block-name=\"woocommerce\/cart-order-summary-subtotal-block\" class=\"wp-block-woocommerce-cart-order-summary-subtotal-block\"><\/div>\n<div data-block-name=\"woocommerce\/cart-order-summary-discount-block\" class=\"wp-block-woocommerce-cart-order-summary-discount-block\"><\/div>\n<div data-block-name=\"woocommerce\/cart-order-summary-fee-block\" class=\"wp-block-woocommerce-cart-order-summary-fee-block\"><\/div>\n<div data-block-name=\"woocommerce\/cart-order-summary-shipping-block\" class=\"wp-block-woocommerce-cart-order-summary-shipping-block\"><\/div>\n<div data-block-name=\"woocommerce\/cart-order-summary-taxes-block\" class=\"wp-block-woocommerce-cart-order-summary-taxes-block\"><\/div><\/div>\n<\/div>\n\n\n\n<div data-block-name=\"woocommerce\/cart-express-payment-block\" class=\"wp-block-woocommerce-cart-express-payment-block\"><\/div>\n\n\n\n<div data-block-name=\"woocommerce\/proceed-to-checkout-block\" class=\"wp-block-woocommerce-proceed-to-checkout-block\"><\/div>\n\n\n\n<div data-block-name=\"woocommerce\/cart-accepted-payment-methods-block\" class=\"wp-block-woocommerce-cart-accepted-payment-methods-block\"><\/div>\n<\/div>\n<\/div>\n\n\n\n<div data-block-name=\"woocommerce\/empty-cart-block\" class=\"wp-block-woocommerce-empty-cart-block\">\n<h2 class=\"wp-block-heading has-text-align-center with-empty-cart-icon wc-block-cart__empty-cart__title\">\u00a1Tu carrito est\u00e1 actualmente vac\u00edo!<\/h2>\n\n\n\n<hr class=\"wp-block-separator has-alpha-channel-opacity is-style-dots\"\/>\n\n\n\n<h2 class=\"wp-block-heading has-text-align-center\">Nuevo en la tienda<\/h2>\n\n\n<div data-block-name=\"woocommerce\/product-new\" data-columns=\"4\" data-rows=\"1\" class=\"wc-block-grid wp-block-product-new wp-block-woocommerce-product-new wc-block-product-new has-4-columns\"><ul class=\"wc-block-grid__products\"><li class=\"wc-block-grid__product\">\n\t\t\t\t<a href=\"https:\/\/tiendamasruedascoslada.com\/en\/producto\/alineacion-3d-informe-turismo-eje-delantero\/\" class=\"wc-block-grid__product-link\">\n\t\t\t\t\t\n\t\t\t\t\t<div class=\"wc-block-grid__product-image\"><img fetchpriority=\"high\" decoding=\"async\" width=\"300\" height=\"300\" src=\"https:\/\/tiendamasruedascoslada.com\/wp-content\/uploads\/sites\/287\/2024\/09\/alineacion-1-300x300.jpg\" class=\"attachment-woocommerce_thumbnail size-woocommerce_thumbnail\" alt=\"ALINEACI\u00d3N 3D + INFORME TURISMO EJE DELANTERO\" srcset=\"https:\/\/tiendamasruedascoslada.com\/wp-content\/uploads\/sites\/287\/2024\/09\/alineacion-1-300x300.jpg 300w, https:\/\/tiendamasruedascoslada.com\/wp-content\/uploads\/sites\/287\/2024\/09\/alineacion-1-150x150.jpg 150w, https:\/\/tiendamasruedascoslada.com\/wp-content\/uploads\/sites\/287\/2024\/09\/alineacion-1-100x100.jpg 100w\" sizes=\"(max-width: 300px) 100vw, 300px\" \/><\/div>\n\t\t\t\t\t<div class=\"wc-block-grid__product-title\">ALINEACI\u00d3N 3D + INFORME TURISMO EJE DELANTERO<\/div>\n\t\t\t\t<\/a>\n\t\t\t\t<div class=\"wc-block-grid__product-price price\"><span class=\"woocommerce-Price-amount amount\"><span class=\"woocommerce-Price-currencySymbol\">&euro;<\/span>41,60<\/span><\/div>\n\t\t\t\t\n\t\t\t\t<div class=\"wp-block-button wc-block-grid__product-add-to-cart\"><a href=\"?add-to-cart=763\" aria-label=\"A\u00f1adir al carrito: &ldquo;ALINEACI\u00d3N 3D + INFORME TURISMO EJE DELANTERO&rdquo;\" data-quantity=\"1\" data-product_id=\"763\" data-product_sku=\"950A3DTEDELANTERO\" data-price=\"41.6\" rel=\"nofollow\" class=\"wp-block-button__link  add_to_cart_button ajax_add_to_cart\">A\u00f1adir al carrito<\/a><\/div>\n\t\t\t<\/li><li class=\"wc-block-grid__product\">\n\t\t\t\t<a href=\"https:\/\/tiendamasruedascoslada.com\/en\/producto\/alineacion-3d-informe-turismo-doble-eje\/\" class=\"wc-block-grid__product-link\">\n\t\t\t\t\t\n\t\t\t\t\t<div class=\"wc-block-grid__product-image\"><img decoding=\"async\" width=\"300\" height=\"300\" data-src=\"https:\/\/tiendamasruedascoslada.com\/wp-content\/uploads\/sites\/287\/2024\/09\/ALINEACION-3D-INFORME-TURISMO-DOBLE-EJE-300x300.jpg\" class=\"attachment-woocommerce_thumbnail size-woocommerce_thumbnail lazyload\" alt=\"ALINEACI\u00d3N 3D + INFORME TURISMO DOBLE EJE\" data-srcset=\"https:\/\/tiendamasruedascoslada.com\/wp-content\/uploads\/sites\/287\/2024\/09\/ALINEACION-3D-INFORME-TURISMO-DOBLE-EJE-300x300.jpg 300w, https:\/\/tiendamasruedascoslada.com\/wp-content\/uploads\/sites\/287\/2024\/09\/ALINEACION-3D-INFORME-TURISMO-DOBLE-EJE-150x150.jpg 150w, https:\/\/tiendamasruedascoslada.com\/wp-content\/uploads\/sites\/287\/2024\/09\/ALINEACION-3D-INFORME-TURISMO-DOBLE-EJE-100x100.jpg 100w\" data-sizes=\"(max-width: 300px) 100vw, 300px\" src=\"data:image\/gif;base64,R0lGODlhAQABAAAAACH5BAEKAAEALAAAAAABAAEAAAICTAEAOw==\" style=\"--smush-placeholder-width: 300px; --smush-placeholder-aspect-ratio: 300\/300;\" \/><\/div>\n\t\t\t\t\t<div class=\"wc-block-grid__product-title\">ALINEACI\u00d3N 3D + INFORME TURISMO DOBLE EJE<\/div>\n\t\t\t\t<\/a>\n\t\t\t\t<div class=\"wc-block-grid__product-price price\"><span class=\"woocommerce-Price-amount amount\"><span class=\"woocommerce-Price-currencySymbol\">&euro;<\/span>57,20<\/span><\/div>\n\t\t\t\t\n\t\t\t\t<div class=\"wp-block-button wc-block-grid__product-add-to-cart\"><a href=\"?add-to-cart=762\" aria-label=\"A\u00f1adir al carrito: &ldquo;ALINEACI\u00d3N 3D + INFORME TURISMO DOBLE EJE&rdquo;\" data-quantity=\"1\" data-product_id=\"762\" data-product_sku=\"950A3DTDOBLEEJE\" data-price=\"57.2\" rel=\"nofollow\" class=\"wp-block-button__link  add_to_cart_button ajax_add_to_cart\">A\u00f1adir al carrito<\/a><\/div>\n\t\t\t<\/li><li class=\"wc-block-grid__product\">\n\t\t\t\t<a href=\"https:\/\/tiendamasruedascoslada.com\/en\/producto\/alineacion-3d-informe-furgon-y-4x4-eje-delantero\/\" class=\"wc-block-grid__product-link\">\n\t\t\t\t\t\n\t\t\t\t\t<div class=\"wc-block-grid__product-image\"><img decoding=\"async\" width=\"300\" height=\"300\" data-src=\"https:\/\/tiendamasruedascoslada.com\/wp-content\/uploads\/sites\/287\/2024\/09\/ALINEACION-3D-INFORME-FURGON-Y-4X4-EJE-DELANTERO-300x300.jpg\" class=\"attachment-woocommerce_thumbnail size-woocommerce_thumbnail lazyload\" alt=\"ALINEACI\u00d3N 3D + INFORME FURG\u00d3N Y 4X4 EJE DELANTERO\" data-srcset=\"https:\/\/tiendamasruedascoslada.com\/wp-content\/uploads\/sites\/287\/2024\/09\/ALINEACION-3D-INFORME-FURGON-Y-4X4-EJE-DELANTERO-300x300.jpg 300w, https:\/\/tiendamasruedascoslada.com\/wp-content\/uploads\/sites\/287\/2024\/09\/ALINEACION-3D-INFORME-FURGON-Y-4X4-EJE-DELANTERO-150x150.jpg 150w, https:\/\/tiendamasruedascoslada.com\/wp-content\/uploads\/sites\/287\/2024\/09\/ALINEACION-3D-INFORME-FURGON-Y-4X4-EJE-DELANTERO-100x100.jpg 100w\" data-sizes=\"(max-width: 300px) 100vw, 300px\" src=\"data:image\/gif;base64,R0lGODlhAQABAAAAACH5BAEKAAEALAAAAAABAAEAAAICTAEAOw==\" style=\"--smush-placeholder-width: 300px; --smush-placeholder-aspect-ratio: 300\/300;\" \/><\/div>\n\t\t\t\t\t<div class=\"wc-block-grid__product-title\">ALINEACI\u00d3N 3D + INFORME FURG\u00d3N Y 4X4 EJE DELANTERO<\/div>\n\t\t\t\t<\/a>\n\t\t\t\t<div class=\"wc-block-grid__product-price price\"><span class=\"woocommerce-Price-amount amount\"><span class=\"woocommerce-Price-currencySymbol\">&euro;<\/span>52,00<\/span><\/div>\n\t\t\t\t\n\t\t\t\t<div class=\"wp-block-button wc-block-grid__product-add-to-cart\"><a href=\"?add-to-cart=761\" aria-label=\"A\u00f1adir al carrito: &ldquo;ALINEACI\u00d3N 3D + INFORME FURG\u00d3N Y 4X4 EJE DELANTERO&rdquo;\" data-quantity=\"1\" data-product_id=\"761\" data-product_sku=\"950A3DFEDELANTERO\" data-price=\"52\" rel=\"nofollow\" class=\"wp-block-button__link  add_to_cart_button ajax_add_to_cart\">A\u00f1adir al carrito<\/a><\/div>\n\t\t\t<\/li><li class=\"wc-block-grid__product\">\n\t\t\t\t<a href=\"https:\/\/tiendamasruedascoslada.com\/en\/producto\/alineacion-3d-informe-furgon-4x4-doble-eje\/\" class=\"wc-block-grid__product-link\">\n\t\t\t\t\t\n\t\t\t\t\t<div class=\"wc-block-grid__product-image\"><img decoding=\"async\" width=\"300\" height=\"300\" data-src=\"https:\/\/tiendamasruedascoslada.com\/wp-content\/uploads\/sites\/287\/2024\/09\/ALINEACION-3D-INFORME-FURGON-4X4-DOBLE-EJE-300x300.jpg\" class=\"attachment-woocommerce_thumbnail size-woocommerce_thumbnail lazyload\" alt=\"ALINEACI\u00d3N 3D + INFORME FURG\u00d3N \/ 4X4 DOBLE EJE\" data-srcset=\"https:\/\/tiendamasruedascoslada.com\/wp-content\/uploads\/sites\/287\/2024\/09\/ALINEACION-3D-INFORME-FURGON-4X4-DOBLE-EJE-300x300.jpg 300w, https:\/\/tiendamasruedascoslada.com\/wp-content\/uploads\/sites\/287\/2024\/09\/ALINEACION-3D-INFORME-FURGON-4X4-DOBLE-EJE-150x150.jpg 150w, https:\/\/tiendamasruedascoslada.com\/wp-content\/uploads\/sites\/287\/2024\/09\/ALINEACION-3D-INFORME-FURGON-4X4-DOBLE-EJE-100x100.jpg 100w\" data-sizes=\"(max-width: 300px) 100vw, 300px\" src=\"data:image\/gif;base64,R0lGODlhAQABAAAAACH5BAEKAAEALAAAAAABAAEAAAICTAEAOw==\" style=\"--smush-placeholder-width: 300px; --smush-placeholder-aspect-ratio: 300\/300;\" \/><\/div>\n\t\t\t\t\t<div class=\"wc-block-grid__product-title\">ALINEACI\u00d3N 3D + INFORME FURG\u00d3N \/ 4X4 DOBLE EJE<\/div>\n\t\t\t\t<\/a>\n\t\t\t\t<div class=\"wc-block-grid__product-price price\"><span class=\"woocommerce-Price-amount amount\"><span class=\"woocommerce-Price-currencySymbol\">&euro;<\/span>67,60<\/span><\/div>\n\t\t\t\t\n\t\t\t\t<div class=\"wp-block-button wc-block-grid__product-add-to-cart\"><a href=\"?add-to-cart=759\" aria-label=\"A\u00f1adir al carrito: &ldquo;ALINEACI\u00d3N 3D + INFORME FURG\u00d3N \/ 4X4 DOBLE EJE&rdquo;\" data-quantity=\"1\" data-product_id=\"759\" data-product_sku=\"950A3DFDOBLEEJE\" data-price=\"67.6\" rel=\"nofollow\" class=\"wp-block-button__link  add_to_cart_button ajax_add_to_cart\">A\u00f1adir al carrito<\/a><\/div>\n\t\t\t<\/li><\/ul><\/div><\/div>\n<\/div>\n\t\t\t\t\t\t\t\t<\/div>\n\t\t\t\t<\/div>\n\t\t\t\t\t<\/div>\n\t\t\t\t<\/div>\n\t\t\t\t<\/div>\n\t\t","protected":false},"excerpt":{"rendered":"","protected":false},"author":33,"featured_media":0,"parent":0,"menu_order":0,"comment_status":"closed","ping_status":"closed","template":"elementor_header_footer","meta":{"footnotes":""},"class_list":["post-13","page","type-page","status-publish"],"yoast_head":"<!-- This site is optimized with the Yoast SEO plugin v24.1 - https:\/\/yoast.com\/wordpress\/plugins\/seo\/ -->\n<title>Carrito - Masruedas<\/title>\n<meta name=\"robots\" content=\"index, follow, max-snippet:-1, max-image-preview:large, max-video-preview:-1\" \/>\n<link rel=\"canonical\" href=\"https:\/\/tiendamasruedascoslada.com\/carrito\/\" \/>\n<meta property=\"og:locale\" content=\"es_ES\" \/>\n<meta property=\"og:type\" content=\"article\" \/>\n<meta property=\"og:title\" content=\"Carrito - Masruedas\" \/>\n<meta property=\"og:url\" content=\"https:\/\/tiendamasruedascoslada.com\/carrito\/\" \/>\n<meta property=\"og:site_name\" content=\"Masruedas\" \/>\n<meta property=\"article:modified_time\" content=\"2025-08-13T13:27:52+00:00\" \/>\n<meta name=\"twitter:card\" content=\"summary_large_image\" \/>\n<meta name=\"twitter:label1\" content=\"Tiempo de lectura\" \/>\n\t<meta name=\"twitter:data1\" content=\"1 minuto\" \/>\n<script type=\"application\/ld+json\" class=\"yoast-schema-graph\">{\"@context\":\"https:\/\/schema.org\",\"@graph\":[{\"@type\":\"WebPage\",\"@id\":\"https:\/\/tiendamasruedascoslada.com\/carrito\/\",\"url\":\"https:\/\/tiendamasruedascoslada.com\/carrito\/\",\"name\":\"Carrito - Masruedas\",\"isPartOf\":{\"@id\":\"https:\/\/tiendamasruedascoslada.com\/en\/#website\"},\"datePublished\":\"2024-06-06T09:49:04+00:00\",\"dateModified\":\"2025-08-13T13:27:52+00:00\",\"breadcrumb\":{\"@id\":\"https:\/\/tiendamasruedascoslada.com\/carrito\/#breadcrumb\"},\"inLanguage\":\"es\",\"potentialAction\":[{\"@type\":\"ReadAction\",\"target\":[\"https:\/\/tiendamasruedascoslada.com\/carrito\/\"]}]},{\"@type\":\"BreadcrumbList\",\"@id\":\"https:\/\/tiendamasruedascoslada.com\/carrito\/#breadcrumb\",\"itemListElement\":[{\"@type\":\"ListItem\",\"position\":1,\"name\":\"Portada\",\"item\":\"https:\/\/tiendamasruedascoslada.com\/\"},{\"@type\":\"ListItem\",\"position\":2,\"name\":\"Carrito\"}]},{\"@type\":\"WebSite\",\"@id\":\"https:\/\/tiendamasruedascoslada.com\/en\/#website\",\"url\":\"https:\/\/tiendamasruedascoslada.com\/en\/\",\"name\":\"Masruedas\",\"description\":\"\",\"publisher\":{\"@id\":\"https:\/\/tiendamasruedascoslada.com\/en\/#organization\"},\"potentialAction\":[{\"@type\":\"SearchAction\",\"target\":{\"@type\":\"EntryPoint\",\"urlTemplate\":\"https:\/\/tiendamasruedascoslada.com\/en\/?s={search_term_string}\"},\"query-input\":{\"@type\":\"PropertyValueSpecification\",\"valueRequired\":true,\"valueName\":\"search_term_string\"}}],\"inLanguage\":\"es\"},{\"@type\":\"Organization\",\"@id\":\"https:\/\/tiendamasruedascoslada.com\/en\/#organization\",\"name\":\"Masruedas\",\"url\":\"https:\/\/tiendamasruedascoslada.com\/en\/\",\"logo\":{\"@type\":\"ImageObject\",\"inLanguage\":\"es\",\"@id\":\"https:\/\/tiendamasruedascoslada.com\/en\/#\/schema\/logo\/image\/\",\"url\":\"https:\/\/tiendamasruedascoslada.com\/wp-content\/uploads\/sites\/287\/2024\/07\/masruedas.png\",\"contentUrl\":\"https:\/\/tiendamasruedascoslada.com\/wp-content\/uploads\/sites\/287\/2024\/07\/masruedas.png\",\"width\":2755,\"height\":963,\"caption\":\"Masruedas\"},\"image\":{\"@id\":\"https:\/\/tiendamasruedascoslada.com\/en\/#\/schema\/logo\/image\/\"}}]}<\/script>\n<!-- \/ Yoast SEO plugin. -->","yoast_head_json":{"title":"Carrito - Masruedas","robots":{"index":"index","follow":"follow","max-snippet":"max-snippet:-1","max-image-preview":"max-image-preview:large","max-video-preview":"max-video-preview:-1"},"canonical":"https:\/\/tiendamasruedascoslada.com\/carrito\/","og_locale":"es_ES","og_type":"article","og_title":"Carrito - Masruedas","og_url":"https:\/\/tiendamasruedascoslada.com\/carrito\/","og_site_name":"Masruedas","article_modified_time":"2025-08-13T13:27:52+00:00","twitter_card":"summary_large_image","twitter_misc":{"Tiempo de lectura":"1 minuto"},"schema":{"@context":"https:\/\/schema.org","@graph":[{"@type":"WebPage","@id":"https:\/\/tiendamasruedascoslada.com\/carrito\/","url":"https:\/\/tiendamasruedascoslada.com\/carrito\/","name":"Carrito - Masruedas","isPartOf":{"@id":"https:\/\/tiendamasruedascoslada.com\/en\/#website"},"datePublished":"2024-06-06T09:49:04+00:00","dateModified":"2025-08-13T13:27:52+00:00","breadcrumb":{"@id":"https:\/\/tiendamasruedascoslada.com\/carrito\/#breadcrumb"},"inLanguage":"es","potentialAction":[{"@type":"ReadAction","target":["https:\/\/tiendamasruedascoslada.com\/carrito\/"]}]},{"@type":"BreadcrumbList","@id":"https:\/\/tiendamasruedascoslada.com\/carrito\/#breadcrumb","itemListElement":[{"@type":"ListItem","position":1,"name":"Portada","item":"https:\/\/tiendamasruedascoslada.com\/"},{"@type":"ListItem","position":2,"name":"Carrito"}]},{"@type":"WebSite","@id":"https:\/\/tiendamasruedascoslada.com\/en\/#website","url":"https:\/\/tiendamasruedascoslada.com\/en\/","name":"Masruedas","description":"","publisher":{"@id":"https:\/\/tiendamasruedascoslada.com\/en\/#organization"},"potentialAction":[{"@type":"SearchAction","target":{"@type":"EntryPoint","urlTemplate":"https:\/\/tiendamasruedascoslada.com\/en\/?s={search_term_string}"},"query-input":{"@type":"PropertyValueSpecification","valueRequired":true,"valueName":"search_term_string"}}],"inLanguage":"es"},{"@type":"Organization","@id":"https:\/\/tiendamasruedascoslada.com\/en\/#organization","name":"Masruedas","url":"https:\/\/tiendamasruedascoslada.com\/en\/","logo":{"@type":"ImageObject","inLanguage":"es","@id":"https:\/\/tiendamasruedascoslada.com\/en\/#\/schema\/logo\/image\/","url":"https:\/\/tiendamasruedascoslada.com\/wp-content\/uploads\/sites\/287\/2024\/07\/masruedas.png","contentUrl":"https:\/\/tiendamasruedascoslada.com\/wp-content\/uploads\/sites\/287\/2024\/07\/masruedas.png","width":2755,"height":963,"caption":"Masruedas"},"image":{"@id":"https:\/\/tiendamasruedascoslada.com\/en\/#\/schema\/logo\/image\/"}}]}},"_links":{"self":[{"href":"https:\/\/tiendamasruedascoslada.com\/en\/wp-json\/wp\/v2\/pages\/13","targetHints":{"allow":["GET"]}}],"collection":[{"href":"https:\/\/tiendamasruedascoslada.com\/en\/wp-json\/wp\/v2\/pages"}],"about":[{"href":"https:\/\/tiendamasruedascoslada.com\/en\/wp-json\/wp\/v2\/types\/page"}],"author":[{"embeddable":true,"href":"https:\/\/tiendamasruedascoslada.com\/en\/wp-json\/wp\/v2\/users\/33"}],"replies":[{"embeddable":true,"href":"https:\/\/tiendamasruedascoslada.com\/en\/wp-json\/wp\/v2\/comments?post=13"}],"version-history":[{"count":0,"href":"https:\/\/tiendamasruedascoslada.com\/en\/wp-json\/wp\/v2\/pages\/13\/revisions"}],"wp:attachment":[{"href":"https:\/\/tiendamasruedascoslada.com\/en\/wp-json\/wp\/v2\/media?parent=13"}],"curies":[{"name":"wp","href":"https:\/\/api.w.org\/{rel}","templated":true}]}}