{"id":2,"date":"2024-06-06T11:25:06","date_gmt":"2024-06-06T09:25:06","guid":{"rendered":"https:\/\/sites8.digitalya.es\/tiendamasruedascoslada.com\/?page_id=2"},"modified":"2024-09-17T13:30:10","modified_gmt":"2024-09-17T11:30:10","slug":"politica-de-accesibilidad","status":"publish","type":"page","link":"https:\/\/tiendamasruedascoslada.com\/politica-de-accesibilidad\/","title":{"rendered":"Pol\u00edtica de accesibilidad"},"content":{"rendered":"\t\t<div data-elementor-type=\"wp-page\" data-elementor-id=\"2\" class=\"elementor elementor-2\" data-elementor-post-type=\"page\">\n\t\t\t\t<div class=\"elementor-element elementor-element-6de3d192 e-con-full e-flex e-con e-parent\" data-id=\"6de3d192\" data-element_type=\"container\" data-settings=\"{&quot;background_background&quot;:&quot;classic&quot;,&quot;jet_parallax_layout_list&quot;:[]}\">\n\t\t\t\t<div class=\"elementor-element elementor-element-1ad64307 elementor-widget elementor-widget-heading\" data-id=\"1ad64307\" data-element_type=\"widget\" data-widget_type=\"heading.default\">\n\t\t\t\t<div class=\"elementor-widget-container\">\n\t\t\t\t\t<h2 class=\"elementor-heading-title elementor-size-default\">Pol\u00edtica de accesibilidad<\/h2>\t\t\t\t<\/div>\n\t\t\t\t<\/div>\n\t\t\t\t<\/div>\n\t\t<div class=\"elementor-element elementor-element-c8ed5a1 e-flex e-con-boxed e-con e-parent\" data-id=\"c8ed5a1\" data-element_type=\"container\" data-settings=\"{&quot;jet_parallax_layout_list&quot;:[]}\">\n\t\t\t\t\t<div class=\"e-con-inner\">\n\t\t\t\t<div class=\"elementor-element elementor-element-5845a5c8 elementor-widget elementor-widget-text-editor\" data-id=\"5845a5c8\" data-element_type=\"widget\" data-widget_type=\"text-editor.default\">\n\t\t\t\t<div class=\"elementor-widget-container\">\n\t\t\t\t\t\t\t\t\t<p><span style=\"font-weight: 400;\">En la construcci\u00f3n de la p\u00e1gina web de <strong>MANTENIMIENTO SERVICIOS Y RUEDAS SL<\/strong><\/span><span style=\"font-weight: 400;\">\u00a0se han adoptado medidas con el objetivo de que el mayor n\u00famero posible de personas puedan llegar a la informaci\u00f3n que se transmite en ella, independientemente de las limitaciones de la persona o de las que se deriven del contexto de uso.<\/span><\/p>\n<p><span style=\"font-weight: 400;\">As\u00ed, en la confecci\u00f3n del portal se han tenido en cuenta los siguientes aspectos:<\/span><\/p>\n<ul>\n<li style=\"font-weight: 400;\" aria-level=\"1\"><span style=\"font-weight: 400;\">Uso de CSS para la presentaci\u00f3n de la informaci\u00f3n.<\/span><\/li>\n<li style=\"font-weight: 400;\" aria-level=\"1\"><span style=\"font-weight: 400;\">Etiquetas de marcaje.<\/span><\/li>\n<li style=\"font-weight: 400;\" aria-level=\"1\"><span style=\"font-weight: 400;\">Sistemas de navegaci\u00f3n usables, intuitivos y alternativos.<\/span><\/li>\n<li style=\"font-weight: 400;\" aria-level=\"1\"><span style=\"font-weight: 400;\">Descripciones alternativas en las im\u00e1genes.<\/span><\/li>\n<li style=\"font-weight: 400;\" aria-level=\"1\"><span style=\"font-weight: 400;\">Verificaciones en la visualizaci\u00f3n con diferentes navegadores y dispositivos.<\/span><\/li>\n<li style=\"font-weight: 400;\" aria-level=\"1\"><span style=\"font-weight: 400;\">Utilizaci\u00f3n de formatos universales y alternativos.<\/span><\/li>\n<li style=\"font-weight: 400;\" aria-level=\"1\"><span style=\"font-weight: 400;\">Los enlaces ofrecen detalles de la funci\u00f3n o destino del hiperv\u00ednculo.<\/span><\/li>\n<li style=\"font-weight: 400;\" aria-level=\"1\"><span style=\"font-weight: 400;\">Uso de los est\u00e1ndares del W3C.<\/span><\/li>\n<li style=\"font-weight: 400;\" aria-level=\"1\"><span style=\"font-weight: 400;\">Acceso mediante atajos teclado a las principales opciones.<\/span><\/li>\n<\/ul>\n<h3><span style=\"font-weight: 400;\">Cumplimiento de los est\u00e1ndares<\/span><\/h3>\n<p><span style=\"font-weight: 400;\">Las p\u00e1ginas de este sitio Web cumplen la marca AA seg\u00fan la Norma UNE 139803:2004 y las Directrices de Accesibilidad para el Contenido Web 1.0 del W3C. Todos los requisitos de Prioridad 1 y Prioridad 2 y un subconjunto de los requisitos de Prioridad 3 han sido comprobados con un an\u00e1lisis manual de la accesibilidad a trav\u00e9s de diferentes herramientas semi-autom\u00e1ticas y agentes de usuario.<\/span><\/p>\n<h3><span style=\"font-weight: 400;\">Atajos de teclado<\/span><\/h3>\n<p><span style=\"font-weight: 400;\">En esta Web puede hacer saltos ordenados en el contenido con la tecla Tab.<\/span><\/p>\n<h3><span style=\"font-weight: 400;\">Tama\u00f1o del texto<\/span><\/h3>\n<p><span style=\"font-weight: 400;\">El dise\u00f1o accesible permite que el usuario pueda ajustar las fuentes al tama\u00f1o que le convenga. Esta acci\u00f3n puede llevarse a cabo de diferentes maneras seg\u00fan el navegador web que se utilice. A continuaci\u00f3n se indica la acci\u00f3n de men\u00fa donde se encuentra esta funcionalidad en los navegadores m\u00e1s frecuentes:<\/span><\/p>\n<ul>\n<li style=\"font-weight: 400;\" aria-level=\"1\"><span style=\"font-weight: 400;\">Mozilla Firefox: Ver &gt; Tama\u00f1o de texto &gt; Incrementar Internet<\/span><\/li>\n<li style=\"font-weight: 400;\" aria-level=\"1\"><span style=\"font-weight: 400;\">Internet Explorer: Ver &gt; Tama\u00f1o de texto &gt; M\u00e1s grande<\/span><\/li>\n<li style=\"font-weight: 400;\" aria-level=\"1\"><span style=\"font-weight: 400;\">Opera: View &gt; Zoom &gt; %<\/span><\/li>\n<li style=\"font-weight: 400;\" aria-level=\"1\"><span style=\"font-weight: 400;\">Safari: View &gt; Make text bigger<\/span><\/li>\n<li style=\"font-weight: 400;\" aria-level=\"1\"><span style=\"font-weight: 400;\">Google Chrome: Herramientas &gt; Zoom<\/span><\/li>\n<\/ul>\n<h3><span style=\"font-weight: 400;\">Configuraci\u00f3n t\u00e9cnica<\/span><\/h3>\n<p><span style=\"font-weight: 400;\">Las p\u00e1ginas web est\u00e1n creadas con el <strong>CMS WordPress <\/strong><\/span><strong>6.6.2<\/strong><\/p>\n<h3><span style=\"font-weight: 400;\">Informaci\u00f3n \u00fatil sobre la accesibilidad<\/span><\/h3>\n<p><span style=\"font-weight: 400;\">Seguidamente se exponen una serie de enlaces organizados en diferentes categor\u00edas \u00fatiles para obtener m\u00e1s informaci\u00f3n sobre la accesibilidad.<\/span><\/p>\n<h4><span style=\"font-weight: 400;\">Accesibilidad normas y documentos t\u00e9cnicos:<\/span><\/h4>\n<p><a href=\"http:\/\/www.w3c.org\/\"><span style=\"font-weight: 400;\">http:\/\/www.w3c.org\/<\/span><span style=\"font-weight: 400;\"><br \/><\/span><\/a><span style=\"font-weight: 400;\">Consorcio World Wide Web, grupo de trabajo de \u00e1mbito internacional que dicta l\u00edneas generales relacionadas con la web.<\/span><\/p>\n<p><a href=\"http:\/\/www.w3c.org\/wai\/\"><span style=\"font-weight: 400;\">http:\/\/www.w3c.org\/wai\/<\/span><span style=\"font-weight: 400;\"><br \/><\/span><\/a><span style=\"font-weight: 400;\">Iniciativa de Accesibilidad Web del W3C.<\/span><\/p>\t\t\t\t\t\t\t\t<\/div>\n\t\t\t\t<\/div>\n\t\t\t\t\t<\/div>\n\t\t\t\t<\/div>\n\t\t\t\t<\/div>\n\t\t","protected":false},"excerpt":{"rendered":"<p>Pol\u00edtica de accesibilidad En la construcci\u00f3n de la p\u00e1gina web de MANTENIMIENTO SERVICIOS Y RUEDAS SL\u00a0se han adoptado medidas con el objetivo de que el mayor n\u00famero posible de personas puedan llegar a la informaci\u00f3n que se transmite en ella, independientemente de las limitaciones de la persona o de las que se deriven del contexto &#8230; <a title=\"Pol\u00edtica de accesibilidad\" class=\"read-more\" href=\"https:\/\/tiendamasruedascoslada.com\/politica-de-accesibilidad\/\" aria-label=\"Leer m\u00e1s sobre Pol\u00edtica de accesibilidad\">Leer m\u00e1s<\/a><\/p>\n","protected":false},"author":33,"featured_media":0,"parent":0,"menu_order":0,"comment_status":"closed","ping_status":"closed","template":"elementor_header_footer","meta":{"footnotes":""},"class_list":["post-2","page","type-page","status-publish"],"yoast_head":"<!-- This site is optimized with the Yoast SEO plugin v24.1 - https:\/\/yoast.com\/wordpress\/plugins\/seo\/ -->\n<title>Pol\u00edtica de accesibilidad - Masruedas<\/title>\n<meta name=\"robots\" content=\"index, follow, max-snippet:-1, max-image-preview:large, max-video-preview:-1\" \/>\n<link rel=\"canonical\" href=\"https:\/\/tiendamasruedascoslada.com\/politica-de-accesibilidad\/\" \/>\n<meta property=\"og:locale\" content=\"es_ES\" \/>\n<meta property=\"og:type\" content=\"article\" \/>\n<meta property=\"og:title\" content=\"Pol\u00edtica de accesibilidad - Masruedas\" \/>\n<meta property=\"og:description\" content=\"Pol\u00edtica de accesibilidad En la construcci\u00f3n de la p\u00e1gina web de MANTENIMIENTO SERVICIOS Y RUEDAS SL\u00a0se han adoptado medidas con el objetivo de que el mayor n\u00famero posible de personas puedan llegar a la informaci\u00f3n que se transmite en ella, independientemente de las limitaciones de la persona o de las que se deriven del contexto ... Leer m\u00e1s\" \/>\n<meta property=\"og:url\" content=\"https:\/\/tiendamasruedascoslada.com\/politica-de-accesibilidad\/\" \/>\n<meta property=\"og:site_name\" content=\"Masruedas\" \/>\n<meta property=\"article:modified_time\" content=\"2024-09-17T11:30:10+00:00\" \/>\n<meta name=\"twitter:card\" content=\"summary_large_image\" \/>\n<meta name=\"twitter:label1\" content=\"Tiempo de lectura\" \/>\n\t<meta name=\"twitter:data1\" content=\"2 minutos\" \/>\n<script type=\"application\/ld+json\" class=\"yoast-schema-graph\">{\"@context\":\"https:\/\/schema.org\",\"@graph\":[{\"@type\":\"WebPage\",\"@id\":\"https:\/\/tiendamasruedascoslada.com\/politica-de-accesibilidad\/\",\"url\":\"https:\/\/tiendamasruedascoslada.com\/politica-de-accesibilidad\/\",\"name\":\"Pol\u00edtica de accesibilidad - Masruedas\",\"isPartOf\":{\"@id\":\"https:\/\/tiendamasruedascoslada.com\/en\/#website\"},\"datePublished\":\"2024-06-06T09:25:06+00:00\",\"dateModified\":\"2024-09-17T11:30:10+00:00\",\"breadcrumb\":{\"@id\":\"https:\/\/tiendamasruedascoslada.com\/politica-de-accesibilidad\/#breadcrumb\"},\"inLanguage\":\"es\",\"potentialAction\":[{\"@type\":\"ReadAction\",\"target\":[\"https:\/\/tiendamasruedascoslada.com\/politica-de-accesibilidad\/\"]}]},{\"@type\":\"BreadcrumbList\",\"@id\":\"https:\/\/tiendamasruedascoslada.com\/politica-de-accesibilidad\/#breadcrumb\",\"itemListElement\":[{\"@type\":\"ListItem\",\"position\":1,\"name\":\"Portada\",\"item\":\"https:\/\/tiendamasruedascoslada.com\/\"},{\"@type\":\"ListItem\",\"position\":2,\"name\":\"Pol\u00edtica de accesibilidad\"}]},{\"@type\":\"WebSite\",\"@id\":\"https:\/\/tiendamasruedascoslada.com\/en\/#website\",\"url\":\"https:\/\/tiendamasruedascoslada.com\/en\/\",\"name\":\"Masruedas\",\"description\":\"\",\"publisher\":{\"@id\":\"https:\/\/tiendamasruedascoslada.com\/en\/#organization\"},\"potentialAction\":[{\"@type\":\"SearchAction\",\"target\":{\"@type\":\"EntryPoint\",\"urlTemplate\":\"https:\/\/tiendamasruedascoslada.com\/en\/?s={search_term_string}\"},\"query-input\":{\"@type\":\"PropertyValueSpecification\",\"valueRequired\":true,\"valueName\":\"search_term_string\"}}],\"inLanguage\":\"es\"},{\"@type\":\"Organization\",\"@id\":\"https:\/\/tiendamasruedascoslada.com\/en\/#organization\",\"name\":\"Masruedas\",\"url\":\"https:\/\/tiendamasruedascoslada.com\/en\/\",\"logo\":{\"@type\":\"ImageObject\",\"inLanguage\":\"es\",\"@id\":\"https:\/\/tiendamasruedascoslada.com\/en\/#\/schema\/logo\/image\/\",\"url\":\"https:\/\/tiendamasruedascoslada.com\/wp-content\/uploads\/sites\/287\/2024\/07\/masruedas.png\",\"contentUrl\":\"https:\/\/tiendamasruedascoslada.com\/wp-content\/uploads\/sites\/287\/2024\/07\/masruedas.png\",\"width\":2755,\"height\":963,\"caption\":\"Masruedas\"},\"image\":{\"@id\":\"https:\/\/tiendamasruedascoslada.com\/en\/#\/schema\/logo\/image\/\"}}]}<\/script>\n<!-- \/ Yoast SEO plugin. -->","yoast_head_json":{"title":"Pol\u00edtica de accesibilidad - Masruedas","robots":{"index":"index","follow":"follow","max-snippet":"max-snippet:-1","max-image-preview":"max-image-preview:large","max-video-preview":"max-video-preview:-1"},"canonical":"https:\/\/tiendamasruedascoslada.com\/politica-de-accesibilidad\/","og_locale":"es_ES","og_type":"article","og_title":"Pol\u00edtica de accesibilidad - Masruedas","og_description":"Pol\u00edtica de accesibilidad En la construcci\u00f3n de la p\u00e1gina web de MANTENIMIENTO SERVICIOS Y RUEDAS SL\u00a0se han adoptado medidas con el objetivo de que el mayor n\u00famero posible de personas puedan llegar a la informaci\u00f3n que se transmite en ella, independientemente de las limitaciones de la persona o de las que se deriven del contexto ... Leer m\u00e1s","og_url":"https:\/\/tiendamasruedascoslada.com\/politica-de-accesibilidad\/","og_site_name":"Masruedas","article_modified_time":"2024-09-17T11:30:10+00:00","twitter_card":"summary_large_image","twitter_misc":{"Tiempo de lectura":"2 minutos"},"schema":{"@context":"https:\/\/schema.org","@graph":[{"@type":"WebPage","@id":"https:\/\/tiendamasruedascoslada.com\/politica-de-accesibilidad\/","url":"https:\/\/tiendamasruedascoslada.com\/politica-de-accesibilidad\/","name":"Pol\u00edtica de accesibilidad - Masruedas","isPartOf":{"@id":"https:\/\/tiendamasruedascoslada.com\/en\/#website"},"datePublished":"2024-06-06T09:25:06+00:00","dateModified":"2024-09-17T11:30:10+00:00","breadcrumb":{"@id":"https:\/\/tiendamasruedascoslada.com\/politica-de-accesibilidad\/#breadcrumb"},"inLanguage":"es","potentialAction":[{"@type":"ReadAction","target":["https:\/\/tiendamasruedascoslada.com\/politica-de-accesibilidad\/"]}]},{"@type":"BreadcrumbList","@id":"https:\/\/tiendamasruedascoslada.com\/politica-de-accesibilidad\/#breadcrumb","itemListElement":[{"@type":"ListItem","position":1,"name":"Portada","item":"https:\/\/tiendamasruedascoslada.com\/"},{"@type":"ListItem","position":2,"name":"Pol\u00edtica de accesibilidad"}]},{"@type":"WebSite","@id":"https:\/\/tiendamasruedascoslada.com\/en\/#website","url":"https:\/\/tiendamasruedascoslada.com\/en\/","name":"Masruedas","description":"","publisher":{"@id":"https:\/\/tiendamasruedascoslada.com\/en\/#organization"},"potentialAction":[{"@type":"SearchAction","target":{"@type":"EntryPoint","urlTemplate":"https:\/\/tiendamasruedascoslada.com\/en\/?s={search_term_string}"},"query-input":{"@type":"PropertyValueSpecification","valueRequired":true,"valueName":"search_term_string"}}],"inLanguage":"es"},{"@type":"Organization","@id":"https:\/\/tiendamasruedascoslada.com\/en\/#organization","name":"Masruedas","url":"https:\/\/tiendamasruedascoslada.com\/en\/","logo":{"@type":"ImageObject","inLanguage":"es","@id":"https:\/\/tiendamasruedascoslada.com\/en\/#\/schema\/logo\/image\/","url":"https:\/\/tiendamasruedascoslada.com\/wp-content\/uploads\/sites\/287\/2024\/07\/masruedas.png","contentUrl":"https:\/\/tiendamasruedascoslada.com\/wp-content\/uploads\/sites\/287\/2024\/07\/masruedas.png","width":2755,"height":963,"caption":"Masruedas"},"image":{"@id":"https:\/\/tiendamasruedascoslada.com\/en\/#\/schema\/logo\/image\/"}}]}},"_links":{"self":[{"href":"https:\/\/tiendamasruedascoslada.com\/en\/wp-json\/wp\/v2\/pages\/2","targetHints":{"allow":["GET"]}}],"collection":[{"href":"https:\/\/tiendamasruedascoslada.com\/en\/wp-json\/wp\/v2\/pages"}],"about":[{"href":"https:\/\/tiendamasruedascoslada.com\/en\/wp-json\/wp\/v2\/types\/page"}],"author":[{"embeddable":true,"href":"https:\/\/tiendamasruedascoslada.com\/en\/wp-json\/wp\/v2\/users\/33"}],"replies":[{"embeddable":true,"href":"https:\/\/tiendamasruedascoslada.com\/en\/wp-json\/wp\/v2\/comments?post=2"}],"version-history":[{"count":0,"href":"https:\/\/tiendamasruedascoslada.com\/en\/wp-json\/wp\/v2\/pages\/2\/revisions"}],"wp:attachment":[{"href":"https:\/\/tiendamasruedascoslada.com\/en\/wp-json\/wp\/v2\/media?parent=2"}],"curies":[{"name":"wp","href":"https:\/\/api.w.org\/{rel}","templated":true}]}}