{"id":498,"date":"2024-08-07T10:35:51","date_gmt":"2024-08-07T08:35:51","guid":{"rendered":"https:\/\/sites8.digitalya.es\/tiendamasruedascoslada.com\/?page_id=498"},"modified":"2024-10-30T18:38:00","modified_gmt":"2024-10-30T17:38:00","slug":"servicios","status":"publish","type":"page","link":"https:\/\/tiendamasruedascoslada.com\/servicios\/","title":{"rendered":"Servicios"},"content":{"rendered":"\t\t<div data-elementor-type=\"wp-page\" data-elementor-id=\"498\" class=\"elementor elementor-498\" data-elementor-post-type=\"page\">\n\t\t\t\t<div class=\"elementor-element elementor-element-9a678a8 e-flex e-con-boxed e-con e-parent\" data-id=\"9a678a8\" data-element_type=\"container\" data-settings=\"{&quot;background_background&quot;:&quot;classic&quot;,&quot;jet_parallax_layout_list&quot;:[]}\">\n\t\t\t\t\t<div class=\"e-con-inner\">\n\t\t<div class=\"elementor-element elementor-element-1a34bda e-con-full e-flex e-con e-child\" data-id=\"1a34bda\" data-element_type=\"container\" data-settings=\"{&quot;jet_parallax_layout_list&quot;:[]}\">\n\t\t\t\t<div class=\"elementor-element elementor-element-4d7044a elementor-widget elementor-widget-heading\" data-id=\"4d7044a\" data-element_type=\"widget\" data-widget_type=\"heading.default\">\n\t\t\t\t<div class=\"elementor-widget-container\">\n\t\t\t\t\t<h1 class=\"elementor-heading-title elementor-size-default\">Servicios<\/h1>\t\t\t\t<\/div>\n\t\t\t\t<\/div>\n\t\t\t\t<div class=\"elementor-element elementor-element-f7f5af4 elementor-widget elementor-widget-text-editor\" data-id=\"f7f5af4\" data-element_type=\"widget\" data-widget_type=\"text-editor.default\">\n\t\t\t\t<div class=\"elementor-widget-container\">\n\t\t\t\t\t\t\t\t\t<p>Mantenimiento y mec\u00e1nica general para tu veh\u00edculo<\/p>\t\t\t\t\t\t\t\t<\/div>\n\t\t\t\t<\/div>\n\t\t\t\t<\/div>\n\t\t\t\t\t<\/div>\n\t\t\t\t<\/div>\n\t\t<div class=\"elementor-element elementor-element-8566f5b e-flex e-con-boxed e-con e-parent\" data-id=\"8566f5b\" data-element_type=\"container\" data-settings=\"{&quot;background_background&quot;:&quot;classic&quot;,&quot;jet_parallax_layout_list&quot;:[]}\">\n\t\t\t\t\t<div class=\"e-con-inner\">\n\t\t<div class=\"elementor-element elementor-element-86cb544 e-con-full e-flex e-con e-child\" data-id=\"86cb544\" data-element_type=\"container\" data-settings=\"{&quot;background_background&quot;:&quot;classic&quot;,&quot;jet_parallax_layout_list&quot;:[]}\">\n\t\t\t\t<div class=\"elementor-element elementor-element-cbbac66 elementor-widget-divider--view-line elementor-widget elementor-widget-divider\" data-id=\"cbbac66\" data-element_type=\"widget\" data-widget_type=\"divider.default\">\n\t\t\t\t<div class=\"elementor-widget-container\">\n\t\t\t\t\t\t\t<div class=\"elementor-divider\">\n\t\t\t<span class=\"elementor-divider-separator\">\n\t\t\t\t\t\t<\/span>\n\t\t<\/div>\n\t\t\t\t\t\t<\/div>\n\t\t\t\t<\/div>\n\t\t\t\t<div class=\"elementor-element elementor-element-538de5c elementor-widget elementor-widget-text-editor\" data-id=\"538de5c\" data-element_type=\"widget\" data-widget_type=\"text-editor.default\">\n\t\t\t\t<div class=\"elementor-widget-container\">\n\t\t\t\t\t\t\t\t\t<p><span style=\"font-weight: 400;\">El mantenimiento regular de tu veh\u00edculo es esencial para evitar aver\u00edas y prolongar su vida \u00fatil. En M\u00e1s Ruedas, te ofrecemos servicios de mantenimiento y revisiones exhaustivas para asegurarte de que tu coche est\u00e9 siempre en las mejores condiciones. Realizamos revisiones pre-ITV, cambios de aceite y filtros, y mucho m\u00e1s, para que puedas conducir con total tranquilidad.<\/span><\/p>\t\t\t\t\t\t\t\t<\/div>\n\t\t\t\t<\/div>\n\t\t\t\t<\/div>\n\t\t\t\t\t<\/div>\n\t\t\t\t<\/div>\n\t\t<div class=\"elementor-element elementor-element-a4913fd e-flex e-con-boxed e-con e-parent\" data-id=\"a4913fd\" data-element_type=\"container\" data-settings=\"{&quot;background_background&quot;:&quot;classic&quot;,&quot;jet_parallax_layout_list&quot;:[]}\">\n\t\t\t\t\t<div class=\"e-con-inner\">\n\t\t\t\t<div class=\"elementor-element elementor-element-f52c2fe elementor-product-loop-item--align-center elementor-grid-3 elementor-grid-tablet-3 elementor-grid-mobile-2 elementor-products-grid elementor-wc-products elementor-widget elementor-widget-woocommerce-products\" data-id=\"f52c2fe\" data-element_type=\"widget\" data-widget_type=\"woocommerce-products.default\">\n\t\t\t\t<div class=\"elementor-widget-container\">\n\t\t\t\t\t<div class=\"woocommerce columns-3 \"><div class=\"woocommerce-notices-wrapper\"><\/div><ul class=\"products elementor-grid columns-3\">\n<li class=\"product type-product post-370 status-publish first instock product_cat-servicios has-post-thumbnail taxable shipping-taxable purchasable product-type-simple\">\n\t<a href=\"https:\/\/tiendamasruedascoslada.com\/en\/producto\/mantenimiento-excellent\/\" class=\"woocommerce-LoopProduct-link woocommerce-loop-product__link\"><img fetchpriority=\"high\" decoding=\"async\" width=\"300\" height=\"300\" src=\"https:\/\/tiendamasruedascoslada.com\/wp-content\/uploads\/sites\/287\/2024\/07\/mantenimiento-excellent-300x300.jpg\" class=\"attachment-woocommerce_thumbnail size-woocommerce_thumbnail\" alt=\"Mantenimiento Excellent\" srcset=\"https:\/\/tiendamasruedascoslada.com\/wp-content\/uploads\/sites\/287\/2024\/07\/mantenimiento-excellent-300x300.jpg 300w, https:\/\/tiendamasruedascoslada.com\/wp-content\/uploads\/sites\/287\/2024\/07\/mantenimiento-excellent-150x150.jpg 150w, https:\/\/tiendamasruedascoslada.com\/wp-content\/uploads\/sites\/287\/2024\/07\/mantenimiento-excellent-100x100.jpg 100w\" sizes=\"(max-width: 300px) 100vw, 300px\" \/><h2 class=\"woocommerce-loop-product__title\">Mantenimiento Excellent<\/h2>\n\t<span class=\"price\"><span class=\"woocommerce-Price-amount amount\"><bdi><span class=\"woocommerce-Price-currencySymbol\">&euro;<\/span>192,95<\/bdi><\/span><\/span>\n<\/a><div class=\"woocommerce-loop-product__buttons\"><a href=\"?add-to-cart=370\" aria-describedby=\"woocommerce_loop_add_to_cart_link_describedby_370\" data-quantity=\"1\" class=\"button product_type_simple add_to_cart_button ajax_add_to_cart\" data-product_id=\"370\" data-product_sku=\"mantenimiento-excellent\" aria-label=\"A\u00f1adir al carrito: &ldquo;Mantenimiento Excellent&rdquo;\" rel=\"nofollow\" data-success_message=\"\u00abMantenimiento Excellent\u00bb se ha a\u00f1adido a tu carrito\">A\u00f1adir al carrito<\/a><\/div>\t<span id=\"woocommerce_loop_add_to_cart_link_describedby_370\" class=\"screen-reader-text\">\n\t\t\t<\/span>\n<\/li>\n<li class=\"product type-product post-369 status-publish instock product_cat-servicios has-post-thumbnail taxable shipping-taxable purchasable product-type-simple\">\n\t<a href=\"https:\/\/tiendamasruedascoslada.com\/en\/producto\/mantenimiento-premium\/\" class=\"woocommerce-LoopProduct-link woocommerce-loop-product__link\"><img decoding=\"async\" width=\"300\" height=\"300\" data-src=\"https:\/\/tiendamasruedascoslada.com\/wp-content\/uploads\/sites\/287\/2024\/07\/mantenimiento-premium-300x300.jpg\" class=\"attachment-woocommerce_thumbnail size-woocommerce_thumbnail lazyload\" alt=\"Mantenimiento Premium\" data-srcset=\"https:\/\/tiendamasruedascoslada.com\/wp-content\/uploads\/sites\/287\/2024\/07\/mantenimiento-premium-300x300.jpg 300w, https:\/\/tiendamasruedascoslada.com\/wp-content\/uploads\/sites\/287\/2024\/07\/mantenimiento-premium-150x150.jpg 150w, https:\/\/tiendamasruedascoslada.com\/wp-content\/uploads\/sites\/287\/2024\/07\/mantenimiento-premium-100x100.jpg 100w\" data-sizes=\"(max-width: 300px) 100vw, 300px\" src=\"data:image\/gif;base64,R0lGODlhAQABAAAAACH5BAEKAAEALAAAAAABAAEAAAICTAEAOw==\" style=\"--smush-placeholder-width: 300px; --smush-placeholder-aspect-ratio: 300\/300;\" \/><h2 class=\"woocommerce-loop-product__title\">Mantenimiento Premium<\/h2>\n\t<span class=\"price\"><span class=\"woocommerce-Price-amount amount\"><bdi><span class=\"woocommerce-Price-currencySymbol\">&euro;<\/span>119,95<\/bdi><\/span><\/span>\n<\/a><div class=\"woocommerce-loop-product__buttons\"><a href=\"?add-to-cart=369\" aria-describedby=\"woocommerce_loop_add_to_cart_link_describedby_369\" data-quantity=\"1\" class=\"button product_type_simple add_to_cart_button ajax_add_to_cart\" data-product_id=\"369\" data-product_sku=\"mantenimiento-premium\" aria-label=\"A\u00f1adir al carrito: &ldquo;Mantenimiento Premium&rdquo;\" rel=\"nofollow\" data-success_message=\"\u00abMantenimiento Premium\u00bb se ha a\u00f1adido a tu carrito\">A\u00f1adir al carrito<\/a><\/div>\t<span id=\"woocommerce_loop_add_to_cart_link_describedby_369\" class=\"screen-reader-text\">\n\t\t\t<\/span>\n<\/li>\n<li class=\"product type-product post-368 status-publish last instock product_cat-servicios has-post-thumbnail taxable shipping-taxable purchasable product-type-simple\">\n\t<a href=\"https:\/\/tiendamasruedascoslada.com\/en\/producto\/mantenimiento-express\/\" class=\"woocommerce-LoopProduct-link woocommerce-loop-product__link\"><img decoding=\"async\" width=\"300\" height=\"300\" data-src=\"https:\/\/tiendamasruedascoslada.com\/wp-content\/uploads\/sites\/287\/2024\/07\/mantenimiento-express-300x300.jpg\" class=\"attachment-woocommerce_thumbnail size-woocommerce_thumbnail lazyload\" alt=\"Mantenimiento Express\" data-srcset=\"https:\/\/tiendamasruedascoslada.com\/wp-content\/uploads\/sites\/287\/2024\/07\/mantenimiento-express-300x300.jpg 300w, https:\/\/tiendamasruedascoslada.com\/wp-content\/uploads\/sites\/287\/2024\/07\/mantenimiento-express-150x150.jpg 150w, https:\/\/tiendamasruedascoslada.com\/wp-content\/uploads\/sites\/287\/2024\/07\/mantenimiento-express-100x100.jpg 100w\" data-sizes=\"(max-width: 300px) 100vw, 300px\" src=\"data:image\/gif;base64,R0lGODlhAQABAAAAACH5BAEKAAEALAAAAAABAAEAAAICTAEAOw==\" style=\"--smush-placeholder-width: 300px; --smush-placeholder-aspect-ratio: 300\/300;\" \/><h2 class=\"woocommerce-loop-product__title\">Mantenimiento Express<\/h2>\n\t<span class=\"price\"><span class=\"woocommerce-Price-amount amount\"><bdi><span class=\"woocommerce-Price-currencySymbol\">&euro;<\/span>85,95<\/bdi><\/span><\/span>\n<\/a><div class=\"woocommerce-loop-product__buttons\"><a href=\"?add-to-cart=368\" aria-describedby=\"woocommerce_loop_add_to_cart_link_describedby_368\" data-quantity=\"1\" class=\"button product_type_simple add_to_cart_button ajax_add_to_cart\" data-product_id=\"368\" data-product_sku=\"mantenimiento-express\" aria-label=\"A\u00f1adir al carrito: &ldquo;Mantenimiento Express&rdquo;\" rel=\"nofollow\" data-success_message=\"\u00abMantenimiento Express\u00bb se ha a\u00f1adido a tu carrito\">A\u00f1adir al carrito<\/a><\/div>\t<span id=\"woocommerce_loop_add_to_cart_link_describedby_368\" class=\"screen-reader-text\">\n\t\t\t<\/span>\n<\/li>\n<\/ul>\n<\/div>\t\t\t\t<\/div>\n\t\t\t\t<\/div>\n\t\t\t\t<div class=\"elementor-element elementor-element-186b944 elementor-widget elementor-widget-spacer\" data-id=\"186b944\" data-element_type=\"widget\" data-widget_type=\"spacer.default\">\n\t\t\t\t<div class=\"elementor-widget-container\">\n\t\t\t\t\t\t\t<div class=\"elementor-spacer\">\n\t\t\t<div class=\"elementor-spacer-inner\"><\/div>\n\t\t<\/div>\n\t\t\t\t\t\t<\/div>\n\t\t\t\t<\/div>\n\t\t\t\t\t<\/div>\n\t\t\t\t<\/div>\n\t\t\t\t<\/div>\n\t\t","protected":false},"excerpt":{"rendered":"<p>Servicios Mantenimiento y mec\u00e1nica general para tu veh\u00edculo El mantenimiento regular de tu veh\u00edculo es esencial para evitar aver\u00edas y prolongar su vida \u00fatil. En M\u00e1s Ruedas, te ofrecemos servicios de mantenimiento y revisiones exhaustivas para asegurarte de que tu coche est\u00e9 siempre en las mejores condiciones. Realizamos revisiones pre-ITV, cambios de aceite y filtros, &#8230; <a title=\"Servicios\" class=\"read-more\" href=\"https:\/\/tiendamasruedascoslada.com\/servicios\/\" aria-label=\"Leer m\u00e1s sobre Servicios\">Leer m\u00e1s<\/a><\/p>\n","protected":false},"author":33,"featured_media":0,"parent":0,"menu_order":0,"comment_status":"closed","ping_status":"closed","template":"elementor_header_footer","meta":{"footnotes":""},"class_list":["post-498","page","type-page","status-publish"],"yoast_head":"<!-- This site is optimized with the Yoast SEO plugin v24.1 - https:\/\/yoast.com\/wordpress\/plugins\/seo\/ -->\n<title>M\u00e1s Ruedas | Servicios de Mantenimiento de Veh\u00edculos<\/title>\n<meta name=\"description\" content=\"Mantenimiento y revisiones en M\u00e1s Ruedas. Paquetes Excellent, Express y Premium para mantener tu veh\u00edculo en \u00f3ptimas condiciones.\" \/>\n<meta name=\"robots\" content=\"index, follow, max-snippet:-1, max-image-preview:large, max-video-preview:-1\" \/>\n<link rel=\"canonical\" href=\"https:\/\/tiendamasruedascoslada.com\/servicios\/\" \/>\n<meta property=\"og:locale\" content=\"es_ES\" \/>\n<meta property=\"og:type\" content=\"article\" \/>\n<meta property=\"og:title\" content=\"M\u00e1s Ruedas | Servicios de Mantenimiento de Veh\u00edculos\" \/>\n<meta property=\"og:description\" content=\"Mantenimiento y revisiones en M\u00e1s Ruedas. Paquetes Excellent, Express y Premium para mantener tu veh\u00edculo en \u00f3ptimas condiciones.\" \/>\n<meta property=\"og:url\" content=\"https:\/\/tiendamasruedascoslada.com\/servicios\/\" \/>\n<meta property=\"og:site_name\" content=\"Masruedas\" \/>\n<meta property=\"article:modified_time\" content=\"2024-10-30T17:38:00+00:00\" \/>\n<meta name=\"twitter:card\" content=\"summary_large_image\" \/>\n<meta name=\"twitter:label1\" content=\"Tiempo de lectura\" \/>\n\t<meta name=\"twitter:data1\" content=\"1 minuto\" \/>\n<script type=\"application\/ld+json\" class=\"yoast-schema-graph\">{\"@context\":\"https:\/\/schema.org\",\"@graph\":[{\"@type\":\"WebPage\",\"@id\":\"https:\/\/tiendamasruedascoslada.com\/servicios\/\",\"url\":\"https:\/\/tiendamasruedascoslada.com\/servicios\/\",\"name\":\"M\u00e1s Ruedas | Servicios de Mantenimiento de Veh\u00edculos\",\"isPartOf\":{\"@id\":\"https:\/\/tiendamasruedascoslada.com\/en\/#website\"},\"datePublished\":\"2024-08-07T08:35:51+00:00\",\"dateModified\":\"2024-10-30T17:38:00+00:00\",\"description\":\"Mantenimiento y revisiones en M\u00e1s Ruedas. Paquetes Excellent, Express y Premium para mantener tu veh\u00edculo en \u00f3ptimas condiciones.\",\"breadcrumb\":{\"@id\":\"https:\/\/tiendamasruedascoslada.com\/servicios\/#breadcrumb\"},\"inLanguage\":\"es\",\"potentialAction\":[{\"@type\":\"ReadAction\",\"target\":[\"https:\/\/tiendamasruedascoslada.com\/servicios\/\"]}]},{\"@type\":\"BreadcrumbList\",\"@id\":\"https:\/\/tiendamasruedascoslada.com\/servicios\/#breadcrumb\",\"itemListElement\":[{\"@type\":\"ListItem\",\"position\":1,\"name\":\"Portada\",\"item\":\"https:\/\/tiendamasruedascoslada.com\/\"},{\"@type\":\"ListItem\",\"position\":2,\"name\":\"Servicios\"}]},{\"@type\":\"WebSite\",\"@id\":\"https:\/\/tiendamasruedascoslada.com\/en\/#website\",\"url\":\"https:\/\/tiendamasruedascoslada.com\/en\/\",\"name\":\"Masruedas\",\"description\":\"\",\"publisher\":{\"@id\":\"https:\/\/tiendamasruedascoslada.com\/en\/#organization\"},\"potentialAction\":[{\"@type\":\"SearchAction\",\"target\":{\"@type\":\"EntryPoint\",\"urlTemplate\":\"https:\/\/tiendamasruedascoslada.com\/en\/?s={search_term_string}\"},\"query-input\":{\"@type\":\"PropertyValueSpecification\",\"valueRequired\":true,\"valueName\":\"search_term_string\"}}],\"inLanguage\":\"es\"},{\"@type\":\"Organization\",\"@id\":\"https:\/\/tiendamasruedascoslada.com\/en\/#organization\",\"name\":\"Masruedas\",\"url\":\"https:\/\/tiendamasruedascoslada.com\/en\/\",\"logo\":{\"@type\":\"ImageObject\",\"inLanguage\":\"es\",\"@id\":\"https:\/\/tiendamasruedascoslada.com\/en\/#\/schema\/logo\/image\/\",\"url\":\"https:\/\/tiendamasruedascoslada.com\/wp-content\/uploads\/sites\/287\/2024\/07\/masruedas.png\",\"contentUrl\":\"https:\/\/tiendamasruedascoslada.com\/wp-content\/uploads\/sites\/287\/2024\/07\/masruedas.png\",\"width\":2755,\"height\":963,\"caption\":\"Masruedas\"},\"image\":{\"@id\":\"https:\/\/tiendamasruedascoslada.com\/en\/#\/schema\/logo\/image\/\"}}]}<\/script>\n<!-- \/ Yoast SEO plugin. -->","yoast_head_json":{"title":"M\u00e1s Ruedas | Servicios de Mantenimiento de Veh\u00edculos","description":"Mantenimiento y revisiones en M\u00e1s Ruedas. Paquetes Excellent, Express y Premium para mantener tu veh\u00edculo en \u00f3ptimas condiciones.","robots":{"index":"index","follow":"follow","max-snippet":"max-snippet:-1","max-image-preview":"max-image-preview:large","max-video-preview":"max-video-preview:-1"},"canonical":"https:\/\/tiendamasruedascoslada.com\/servicios\/","og_locale":"es_ES","og_type":"article","og_title":"M\u00e1s Ruedas | Servicios de Mantenimiento de Veh\u00edculos","og_description":"Mantenimiento y revisiones en M\u00e1s Ruedas. Paquetes Excellent, Express y Premium para mantener tu veh\u00edculo en \u00f3ptimas condiciones.","og_url":"https:\/\/tiendamasruedascoslada.com\/servicios\/","og_site_name":"Masruedas","article_modified_time":"2024-10-30T17:38:00+00:00","twitter_card":"summary_large_image","twitter_misc":{"Tiempo de lectura":"1 minuto"},"schema":{"@context":"https:\/\/schema.org","@graph":[{"@type":"WebPage","@id":"https:\/\/tiendamasruedascoslada.com\/servicios\/","url":"https:\/\/tiendamasruedascoslada.com\/servicios\/","name":"M\u00e1s Ruedas | Servicios de Mantenimiento de Veh\u00edculos","isPartOf":{"@id":"https:\/\/tiendamasruedascoslada.com\/en\/#website"},"datePublished":"2024-08-07T08:35:51+00:00","dateModified":"2024-10-30T17:38:00+00:00","description":"Mantenimiento y revisiones en M\u00e1s Ruedas. Paquetes Excellent, Express y Premium para mantener tu veh\u00edculo en \u00f3ptimas condiciones.","breadcrumb":{"@id":"https:\/\/tiendamasruedascoslada.com\/servicios\/#breadcrumb"},"inLanguage":"es","potentialAction":[{"@type":"ReadAction","target":["https:\/\/tiendamasruedascoslada.com\/servicios\/"]}]},{"@type":"BreadcrumbList","@id":"https:\/\/tiendamasruedascoslada.com\/servicios\/#breadcrumb","itemListElement":[{"@type":"ListItem","position":1,"name":"Portada","item":"https:\/\/tiendamasruedascoslada.com\/"},{"@type":"ListItem","position":2,"name":"Servicios"}]},{"@type":"WebSite","@id":"https:\/\/tiendamasruedascoslada.com\/en\/#website","url":"https:\/\/tiendamasruedascoslada.com\/en\/","name":"Masruedas","description":"","publisher":{"@id":"https:\/\/tiendamasruedascoslada.com\/en\/#organization"},"potentialAction":[{"@type":"SearchAction","target":{"@type":"EntryPoint","urlTemplate":"https:\/\/tiendamasruedascoslada.com\/en\/?s={search_term_string}"},"query-input":{"@type":"PropertyValueSpecification","valueRequired":true,"valueName":"search_term_string"}}],"inLanguage":"es"},{"@type":"Organization","@id":"https:\/\/tiendamasruedascoslada.com\/en\/#organization","name":"Masruedas","url":"https:\/\/tiendamasruedascoslada.com\/en\/","logo":{"@type":"ImageObject","inLanguage":"es","@id":"https:\/\/tiendamasruedascoslada.com\/en\/#\/schema\/logo\/image\/","url":"https:\/\/tiendamasruedascoslada.com\/wp-content\/uploads\/sites\/287\/2024\/07\/masruedas.png","contentUrl":"https:\/\/tiendamasruedascoslada.com\/wp-content\/uploads\/sites\/287\/2024\/07\/masruedas.png","width":2755,"height":963,"caption":"Masruedas"},"image":{"@id":"https:\/\/tiendamasruedascoslada.com\/en\/#\/schema\/logo\/image\/"}}]}},"_links":{"self":[{"href":"https:\/\/tiendamasruedascoslada.com\/en\/wp-json\/wp\/v2\/pages\/498","targetHints":{"allow":["GET"]}}],"collection":[{"href":"https:\/\/tiendamasruedascoslada.com\/en\/wp-json\/wp\/v2\/pages"}],"about":[{"href":"https:\/\/tiendamasruedascoslada.com\/en\/wp-json\/wp\/v2\/types\/page"}],"author":[{"embeddable":true,"href":"https:\/\/tiendamasruedascoslada.com\/en\/wp-json\/wp\/v2\/users\/33"}],"replies":[{"embeddable":true,"href":"https:\/\/tiendamasruedascoslada.com\/en\/wp-json\/wp\/v2\/comments?post=498"}],"version-history":[{"count":0,"href":"https:\/\/tiendamasruedascoslada.com\/en\/wp-json\/wp\/v2\/pages\/498\/revisions"}],"wp:attachment":[{"href":"https:\/\/tiendamasruedascoslada.com\/en\/wp-json\/wp\/v2\/media?parent=498"}],"curies":[{"name":"wp","href":"https:\/\/api.w.org\/{rel}","templated":true}]}}