{"id":774,"date":"2024-09-11T18:20:52","date_gmt":"2024-09-11T16:20:52","guid":{"rendered":"https:\/\/sites8.digitalya.es\/tiendamasruedascoslada.com\/?page_id=774"},"modified":"2025-01-21T19:40:50","modified_gmt":"2025-01-21T18:40:50","slug":"mantenimiento-y-revisiones","status":"publish","type":"page","link":"https:\/\/tiendamasruedascoslada.com\/mantenimiento-y-revisiones\/","title":{"rendered":"Mantenimiento y revisiones"},"content":{"rendered":"<h1>Mantenimiento y revisiones<\/h1>\n<p>Servicios y diagn\u00f3sticos de excelencia<\/p>\n<p>Nuestro taller en Coslada est\u00e1 equipado para ofrecerte un servicio completo de mec\u00e1nica general. Ya sea que necesites una reparaci\u00f3n espec\u00edfica o un diagn\u00f3stico avanzado, nuestro equipo de profesionales est\u00e1 preparado para atender cualquier tipo de problema que pueda presentar tu veh\u00edculo. Utilizamos tecnolog\u00eda de punta y repuestos de alta calidad para garantizar la durabilidad y el buen funcionamiento de tu coche.<\/p>\n\n\n<p><\/p>\n","protected":false},"excerpt":{"rendered":"<p>Mantenimiento y revisiones Servicios y diagn\u00f3sticos de excelencia Nuestro taller en Coslada est\u00e1 equipado para ofrecerte un servicio completo de mec\u00e1nica general. Ya sea que necesites una reparaci\u00f3n espec\u00edfica o un diagn\u00f3stico avanzado, nuestro equipo de profesionales est\u00e1 preparado para atender cualquier tipo de problema que pueda presentar tu veh\u00edculo. Utilizamos tecnolog\u00eda de punta y &#8230; <a title=\"Mantenimiento y revisiones\" class=\"read-more\" href=\"https:\/\/tiendamasruedascoslada.com\/mantenimiento-y-revisiones\/\" aria-label=\"Leer m\u00e1s sobre Mantenimiento y revisiones\">Leer m\u00e1s<\/a><\/p>\n","protected":false},"author":33,"featured_media":0,"parent":0,"menu_order":0,"comment_status":"closed","ping_status":"closed","template":"elementor_header_footer","meta":{"footnotes":""},"class_list":["post-774","page","type-page","status-publish"],"yoast_head":"<!-- This site is optimized with the Yoast SEO plugin v24.1 - https:\/\/yoast.com\/wordpress\/plugins\/seo\/ -->\n<title>masruedas | Mantenimiento y Revisiones de Veh\u00edculos<\/title>\n<meta name=\"description\" content=\"En masruedas ofrecemos mantenimiento y revisiones de veh\u00edculos con tecnolog\u00eda avanzada y repuestos de alta calidad.\" \/>\n<meta name=\"robots\" content=\"index, follow, max-snippet:-1, max-image-preview:large, max-video-preview:-1\" \/>\n<link rel=\"canonical\" href=\"https:\/\/tiendamasruedascoslada.com\/mantenimiento-y-revisiones\/\" \/>\n<meta property=\"og:locale\" content=\"es_ES\" \/>\n<meta property=\"og:type\" content=\"article\" \/>\n<meta property=\"og:title\" content=\"masruedas | Mantenimiento y Revisiones de Veh\u00edculos\" \/>\n<meta property=\"og:description\" content=\"En masruedas ofrecemos mantenimiento y revisiones de veh\u00edculos con tecnolog\u00eda avanzada y repuestos de alta calidad.\" \/>\n<meta property=\"og:url\" content=\"https:\/\/tiendamasruedascoslada.com\/mantenimiento-y-revisiones\/\" \/>\n<meta property=\"og:site_name\" content=\"Masruedas\" \/>\n<meta property=\"article:modified_time\" content=\"2025-01-21T18:40:50+00:00\" \/>\n<meta name=\"twitter:card\" content=\"summary_large_image\" \/>\n<meta name=\"twitter:label1\" content=\"Tiempo de lectura\" \/>\n\t<meta name=\"twitter:data1\" content=\"1 minuto\" \/>\n<script type=\"application\/ld+json\" class=\"yoast-schema-graph\">{\"@context\":\"https:\/\/schema.org\",\"@graph\":[{\"@type\":\"WebPage\",\"@id\":\"https:\/\/tiendamasruedascoslada.com\/mantenimiento-y-revisiones\/\",\"url\":\"https:\/\/tiendamasruedascoslada.com\/mantenimiento-y-revisiones\/\",\"name\":\"masruedas | Mantenimiento y Revisiones de Veh\u00edculos\",\"isPartOf\":{\"@id\":\"https:\/\/tiendamasruedascoslada.com\/en\/#website\"},\"datePublished\":\"2024-09-11T16:20:52+00:00\",\"dateModified\":\"2025-01-21T18:40:50+00:00\",\"description\":\"En masruedas ofrecemos mantenimiento y revisiones de veh\u00edculos con tecnolog\u00eda avanzada y repuestos de alta calidad.\",\"breadcrumb\":{\"@id\":\"https:\/\/tiendamasruedascoslada.com\/mantenimiento-y-revisiones\/#breadcrumb\"},\"inLanguage\":\"es\",\"potentialAction\":[{\"@type\":\"ReadAction\",\"target\":[\"https:\/\/tiendamasruedascoslada.com\/mantenimiento-y-revisiones\/\"]}]},{\"@type\":\"BreadcrumbList\",\"@id\":\"https:\/\/tiendamasruedascoslada.com\/mantenimiento-y-revisiones\/#breadcrumb\",\"itemListElement\":[{\"@type\":\"ListItem\",\"position\":1,\"name\":\"Portada\",\"item\":\"https:\/\/tiendamasruedascoslada.com\/\"},{\"@type\":\"ListItem\",\"position\":2,\"name\":\"Mantenimiento y revisiones\"}]},{\"@type\":\"WebSite\",\"@id\":\"https:\/\/tiendamasruedascoslada.com\/en\/#website\",\"url\":\"https:\/\/tiendamasruedascoslada.com\/en\/\",\"name\":\"Masruedas\",\"description\":\"\",\"publisher\":{\"@id\":\"https:\/\/tiendamasruedascoslada.com\/en\/#organization\"},\"potentialAction\":[{\"@type\":\"SearchAction\",\"target\":{\"@type\":\"EntryPoint\",\"urlTemplate\":\"https:\/\/tiendamasruedascoslada.com\/en\/?s={search_term_string}\"},\"query-input\":{\"@type\":\"PropertyValueSpecification\",\"valueRequired\":true,\"valueName\":\"search_term_string\"}}],\"inLanguage\":\"es\"},{\"@type\":\"Organization\",\"@id\":\"https:\/\/tiendamasruedascoslada.com\/en\/#organization\",\"name\":\"Masruedas\",\"url\":\"https:\/\/tiendamasruedascoslada.com\/en\/\",\"logo\":{\"@type\":\"ImageObject\",\"inLanguage\":\"es\",\"@id\":\"https:\/\/tiendamasruedascoslada.com\/en\/#\/schema\/logo\/image\/\",\"url\":\"https:\/\/tiendamasruedascoslada.com\/wp-content\/uploads\/sites\/287\/2024\/07\/masruedas.png\",\"contentUrl\":\"https:\/\/tiendamasruedascoslada.com\/wp-content\/uploads\/sites\/287\/2024\/07\/masruedas.png\",\"width\":2755,\"height\":963,\"caption\":\"Masruedas\"},\"image\":{\"@id\":\"https:\/\/tiendamasruedascoslada.com\/en\/#\/schema\/logo\/image\/\"}}]}<\/script>\n<!-- \/ Yoast SEO plugin. -->","yoast_head_json":{"title":"masruedas | Mantenimiento y Revisiones de Veh\u00edculos","description":"En masruedas ofrecemos mantenimiento y revisiones de veh\u00edculos con tecnolog\u00eda avanzada y repuestos de alta calidad.","robots":{"index":"index","follow":"follow","max-snippet":"max-snippet:-1","max-image-preview":"max-image-preview:large","max-video-preview":"max-video-preview:-1"},"canonical":"https:\/\/tiendamasruedascoslada.com\/mantenimiento-y-revisiones\/","og_locale":"es_ES","og_type":"article","og_title":"masruedas | Mantenimiento y Revisiones de Veh\u00edculos","og_description":"En masruedas ofrecemos mantenimiento y revisiones de veh\u00edculos con tecnolog\u00eda avanzada y repuestos de alta calidad.","og_url":"https:\/\/tiendamasruedascoslada.com\/mantenimiento-y-revisiones\/","og_site_name":"Masruedas","article_modified_time":"2025-01-21T18:40:50+00:00","twitter_card":"summary_large_image","twitter_misc":{"Tiempo de lectura":"1 minuto"},"schema":{"@context":"https:\/\/schema.org","@graph":[{"@type":"WebPage","@id":"https:\/\/tiendamasruedascoslada.com\/mantenimiento-y-revisiones\/","url":"https:\/\/tiendamasruedascoslada.com\/mantenimiento-y-revisiones\/","name":"masruedas | Mantenimiento y Revisiones de Veh\u00edculos","isPartOf":{"@id":"https:\/\/tiendamasruedascoslada.com\/en\/#website"},"datePublished":"2024-09-11T16:20:52+00:00","dateModified":"2025-01-21T18:40:50+00:00","description":"En masruedas ofrecemos mantenimiento y revisiones de veh\u00edculos con tecnolog\u00eda avanzada y repuestos de alta calidad.","breadcrumb":{"@id":"https:\/\/tiendamasruedascoslada.com\/mantenimiento-y-revisiones\/#breadcrumb"},"inLanguage":"es","potentialAction":[{"@type":"ReadAction","target":["https:\/\/tiendamasruedascoslada.com\/mantenimiento-y-revisiones\/"]}]},{"@type":"BreadcrumbList","@id":"https:\/\/tiendamasruedascoslada.com\/mantenimiento-y-revisiones\/#breadcrumb","itemListElement":[{"@type":"ListItem","position":1,"name":"Portada","item":"https:\/\/tiendamasruedascoslada.com\/"},{"@type":"ListItem","position":2,"name":"Mantenimiento y revisiones"}]},{"@type":"WebSite","@id":"https:\/\/tiendamasruedascoslada.com\/en\/#website","url":"https:\/\/tiendamasruedascoslada.com\/en\/","name":"Masruedas","description":"","publisher":{"@id":"https:\/\/tiendamasruedascoslada.com\/en\/#organization"},"potentialAction":[{"@type":"SearchAction","target":{"@type":"EntryPoint","urlTemplate":"https:\/\/tiendamasruedascoslada.com\/en\/?s={search_term_string}"},"query-input":{"@type":"PropertyValueSpecification","valueRequired":true,"valueName":"search_term_string"}}],"inLanguage":"es"},{"@type":"Organization","@id":"https:\/\/tiendamasruedascoslada.com\/en\/#organization","name":"Masruedas","url":"https:\/\/tiendamasruedascoslada.com\/en\/","logo":{"@type":"ImageObject","inLanguage":"es","@id":"https:\/\/tiendamasruedascoslada.com\/en\/#\/schema\/logo\/image\/","url":"https:\/\/tiendamasruedascoslada.com\/wp-content\/uploads\/sites\/287\/2024\/07\/masruedas.png","contentUrl":"https:\/\/tiendamasruedascoslada.com\/wp-content\/uploads\/sites\/287\/2024\/07\/masruedas.png","width":2755,"height":963,"caption":"Masruedas"},"image":{"@id":"https:\/\/tiendamasruedascoslada.com\/en\/#\/schema\/logo\/image\/"}}]}},"_links":{"self":[{"href":"https:\/\/tiendamasruedascoslada.com\/en\/wp-json\/wp\/v2\/pages\/774","targetHints":{"allow":["GET"]}}],"collection":[{"href":"https:\/\/tiendamasruedascoslada.com\/en\/wp-json\/wp\/v2\/pages"}],"about":[{"href":"https:\/\/tiendamasruedascoslada.com\/en\/wp-json\/wp\/v2\/types\/page"}],"author":[{"embeddable":true,"href":"https:\/\/tiendamasruedascoslada.com\/en\/wp-json\/wp\/v2\/users\/33"}],"replies":[{"embeddable":true,"href":"https:\/\/tiendamasruedascoslada.com\/en\/wp-json\/wp\/v2\/comments?post=774"}],"version-history":[{"count":0,"href":"https:\/\/tiendamasruedascoslada.com\/en\/wp-json\/wp\/v2\/pages\/774\/revisions"}],"wp:attachment":[{"href":"https:\/\/tiendamasruedascoslada.com\/en\/wp-json\/wp\/v2\/media?parent=774"}],"curies":[{"name":"wp","href":"https:\/\/api.w.org\/{rel}","templated":true}]}}