{"id":889,"date":"2024-09-12T13:53:48","date_gmt":"2024-09-12T11:53:48","guid":{"rendered":"https:\/\/sites8.digitalya.es\/tiendamasruedascoslada.com\/?page_id=889"},"modified":"2024-10-30T18:42:49","modified_gmt":"2024-10-30T17:42:49","slug":"contacto","status":"publish","type":"page","link":"https:\/\/tiendamasruedascoslada.com\/contacto\/","title":{"rendered":"Contacto"},"content":{"rendered":"\t\t<div data-elementor-type=\"wp-page\" data-elementor-id=\"889\" class=\"elementor elementor-889\" data-elementor-post-type=\"page\">\n\t\t\t\t<div class=\"elementor-element elementor-element-7b9d34f e-flex e-con-boxed e-con e-parent\" data-id=\"7b9d34f\" data-element_type=\"container\" data-settings=\"{&quot;background_background&quot;:&quot;classic&quot;,&quot;jet_parallax_layout_list&quot;:[]}\">\n\t\t\t\t\t<div class=\"e-con-inner\">\n\t\t<div class=\"elementor-element elementor-element-0b18b88 e-con-full e-flex e-con e-child\" data-id=\"0b18b88\" data-element_type=\"container\" data-settings=\"{&quot;jet_parallax_layout_list&quot;:[]}\">\n\t\t\t\t<div class=\"elementor-element elementor-element-29eb4b8 elementor-widget elementor-widget-heading\" data-id=\"29eb4b8\" data-element_type=\"widget\" data-widget_type=\"heading.default\">\n\t\t\t\t<div class=\"elementor-widget-container\">\n\t\t\t\t\t<h1 class=\"elementor-heading-title elementor-size-default\">Contacto<\/h1>\t\t\t\t<\/div>\n\t\t\t\t<\/div>\n\t\t\t\t<div class=\"elementor-element elementor-element-6d49269 elementor-widget elementor-widget-text-editor\" data-id=\"6d49269\" data-element_type=\"widget\" data-widget_type=\"text-editor.default\">\n\t\t\t\t<div class=\"elementor-widget-container\">\n\t\t\t\t\t\t\t\t\t<p>Atenci\u00f3n personalizada para todas tus consultas<\/p>\t\t\t\t\t\t\t\t<\/div>\n\t\t\t\t<\/div>\n\t\t\t\t<\/div>\n\t\t\t\t\t<\/div>\n\t\t\t\t<\/div>\n\t\t<div class=\"elementor-element elementor-element-fc57a43 e-flex e-con-boxed e-con e-parent\" data-id=\"fc57a43\" data-element_type=\"container\" data-settings=\"{&quot;background_background&quot;:&quot;classic&quot;,&quot;jet_parallax_layout_list&quot;:[]}\">\n\t\t\t\t\t<div class=\"e-con-inner\">\n\t\t<div class=\"elementor-element elementor-element-86a447d e-con-full e-flex e-con e-child\" data-id=\"86a447d\" data-element_type=\"container\" data-settings=\"{&quot;background_background&quot;:&quot;classic&quot;,&quot;jet_parallax_layout_list&quot;:[]}\">\n\t\t\t\t<div class=\"elementor-element elementor-element-903e054 elementor-widget-divider--view-line elementor-widget elementor-widget-divider\" data-id=\"903e054\" data-element_type=\"widget\" data-widget_type=\"divider.default\">\n\t\t\t\t<div class=\"elementor-widget-container\">\n\t\t\t\t\t\t\t<div class=\"elementor-divider\">\n\t\t\t<span class=\"elementor-divider-separator\">\n\t\t\t\t\t\t<\/span>\n\t\t<\/div>\n\t\t\t\t\t\t<\/div>\n\t\t\t\t<\/div>\n\t\t\t\t<div class=\"elementor-element elementor-element-377e882 elementor-widget elementor-widget-text-editor\" data-id=\"377e882\" data-element_type=\"widget\" data-widget_type=\"text-editor.default\">\n\t\t\t\t<div class=\"elementor-widget-container\">\n\t\t\t\t\t\t\t\t\t<p><span style=\"font-weight: 400;\">Vis\u00edtanos en Coslada y descubre por qu\u00e9 somos la elecci\u00f3n preferida de muchos conductores. Cont\u00e1ctanos hoy mismo para programar una cita o para obtener m\u00e1s informaci\u00f3n sobre nuestros productos y servicios. Estamos ubicados en una zona de f\u00e1cil acceso, con horarios flexibles para adaptarnos a tus necesidades.<\/span><\/p>\t\t\t\t\t\t\t\t<\/div>\n\t\t\t\t<\/div>\n\t\t\t\t<div class=\"elementor-element elementor-element-20332cf elementor-hidden-tablet elementor-hidden-mobile elementor-widget elementor-widget-spacer\" data-id=\"20332cf\" data-element_type=\"widget\" data-widget_type=\"spacer.default\">\n\t\t\t\t<div class=\"elementor-widget-container\">\n\t\t\t\t\t\t\t<div class=\"elementor-spacer\">\n\t\t\t<div class=\"elementor-spacer-inner\"><\/div>\n\t\t<\/div>\n\t\t\t\t\t\t<\/div>\n\t\t\t\t<\/div>\n\t\t\t\t<\/div>\n\t\t\t\t\t<\/div>\n\t\t\t\t<\/div>\n\t\t<div class=\"elementor-element elementor-element-ac48ad1 e-flex e-con-boxed e-con e-parent\" data-id=\"ac48ad1\" data-element_type=\"container\" data-settings=\"{&quot;background_background&quot;:&quot;classic&quot;,&quot;jet_parallax_layout_list&quot;:[]}\">\n\t\t\t\t\t<div class=\"e-con-inner\">\n\t\t<div class=\"elementor-element elementor-element-ad906db e-con-full e-flex e-con e-child\" data-id=\"ad906db\" data-element_type=\"container\" data-settings=\"{&quot;jet_parallax_layout_list&quot;:[]}\">\n\t\t\t\t<div class=\"elementor-element elementor-element-369ef69 elementor-widget elementor-widget-google_maps\" data-id=\"369ef69\" data-element_type=\"widget\" data-widget_type=\"google_maps.default\">\n\t\t\t\t<div class=\"elementor-widget-container\">\n\t\t\t\t\t\t\t<div class=\"elementor-custom-embed\">\n\t\t\t<iframe\n\t\t\t\t\tdata-src=\"https:\/\/maps.google.com\/maps?q=Avenida%20del%20Jarama%2C%209%2C%2028823&#038;t=m&#038;z=15&#038;output=embed&#038;iwloc=near\"\n\t\t\t\t\ttitle=\"Avenida del Jarama, 9, 28823\"\n\t\t\t\t\taria-label=\"Avenida del Jarama, 9, 28823\"\n\t\t\t src=\"data:image\/gif;base64,R0lGODlhAQABAAAAACH5BAEKAAEALAAAAAABAAEAAAICTAEAOw==\" class=\"lazyload\" data-load-mode=\"1\"><\/iframe>\n\t\t<\/div>\n\t\t\t\t\t\t<\/div>\n\t\t\t\t<\/div>\n\t\t\t\t<\/div>\n\t\t\t\t<div class=\"elementor-element elementor-element-39db680 elementor-widget elementor-widget-spacer\" data-id=\"39db680\" data-element_type=\"widget\" data-widget_type=\"spacer.default\">\n\t\t\t\t<div class=\"elementor-widget-container\">\n\t\t\t\t\t\t\t<div class=\"elementor-spacer\">\n\t\t\t<div class=\"elementor-spacer-inner\"><\/div>\n\t\t<\/div>\n\t\t\t\t\t\t<\/div>\n\t\t\t\t<\/div>\n\t\t<div class=\"elementor-element elementor-element-bb459d7 e-con-full e-flex e-con e-child\" data-id=\"bb459d7\" data-element_type=\"container\" data-settings=\"{&quot;jet_parallax_layout_list&quot;:[]}\">\n\t\t\t\t<div class=\"elementor-element elementor-element-65330c6 elementor-widget elementor-widget-heading\" data-id=\"65330c6\" data-element_type=\"widget\" data-widget_type=\"heading.default\">\n\t\t\t\t<div class=\"elementor-widget-container\">\n\t\t\t\t\t<h2 class=\"elementor-heading-title elementor-size-default\">Cont\u00e1ctanos<\/h2>\t\t\t\t<\/div>\n\t\t\t\t<\/div>\n\t\t\t\t<div class=\"elementor-element elementor-element-20e1649 elementor-widget elementor-widget-wpforms\" data-id=\"20e1649\" data-element_type=\"widget\" data-widget_type=\"wpforms.default\">\n\t\t\t\t<div class=\"elementor-widget-container\">\n\t\t\t\t\t<style id=\"wpforms-css-vars-elementor-widget-20e1649\">\n\t\t\t\t.elementor-widget-wpforms.elementor-element-20e1649 {\n\t\t\t\t--wpforms-button-background-color: #FF272E;\n--wpforms-button-text-color: #FFFFFF;\n--wpforms-field-size-input-height: 43px;\n--wpforms-field-size-input-spacing: 15px;\n--wpforms-field-size-font-size: 16px;\n--wpforms-field-size-line-height: 19px;\n--wpforms-field-size-padding-h: 14px;\n--wpforms-field-size-checkbox-size: 16px;\n--wpforms-field-size-sublabel-spacing: 5px;\n--wpforms-field-size-icon-size: 1;\n--wpforms-label-size-font-size: 16px;\n--wpforms-label-size-line-height: 19px;\n--wpforms-label-size-sublabel-font-size: 14px;\n--wpforms-label-size-sublabel-line-height: 17px;\n--wpforms-button-size-font-size: 17px;\n--wpforms-button-size-height: 41px;\n--wpforms-button-size-padding-h: 15px;\n--wpforms-button-size-margin-top: 10px;\n\n\t\t\t}\n\t\t\t<\/style><div class=\"wpforms-container wpforms-container-full wpforms-render-modern\" id=\"wpforms-896\"><form id=\"wpforms-form-896\" class=\"wpforms-validate wpforms-form wpforms-ajax-form\" data-formid=\"896\" method=\"post\" enctype=\"multipart\/form-data\" action=\"\/en\/wp-json\/wp\/v2\/pages\/889\" data-token=\"e909d33adcfa904b80d7e06ae66acb27\" data-token-time=\"1775464771\"><noscript class=\"wpforms-error-noscript\">Por favor, activa JavaScript en tu navegador para completar este formulario.<\/noscript><div class=\"wpforms-hidden\" id=\"wpforms-error-noscript\">Por favor, activa JavaScript en tu navegador para completar este formulario.<\/div><div class=\"wpforms-field-container\"><div id=\"wpforms-896-field_1-container\" class=\"wpforms-field wpforms-field-name\" data-field-id=\"1\"><fieldset><legend class=\"wpforms-field-label\">Nombre <span class=\"wpforms-required-label\" aria-hidden=\"true\">*<\/span><\/legend><div class=\"wpforms-field-row wpforms-field-large\"><div class=\"wpforms-field-row-block wpforms-first wpforms-one-half\"><input type=\"text\" id=\"wpforms-896-field_1\" class=\"wpforms-field-name-first wpforms-field-required\" name=\"wpforms[fields][1][first]\" aria-errormessage=\"wpforms-896-field_1-error\" required><label for=\"wpforms-896-field_1\" class=\"wpforms-field-sublabel after\">Nombre<\/label><\/div><div class=\"wpforms-field-row-block wpforms-one-half\"><input type=\"text\" id=\"wpforms-896-field_1-last\" class=\"wpforms-field-name-last wpforms-field-required\" name=\"wpforms[fields][1][last]\" aria-errormessage=\"wpforms-896-field_1-last-error\" required><label for=\"wpforms-896-field_1-last\" class=\"wpforms-field-sublabel after\">Apellidos<\/label><\/div><\/div><\/fieldset><\/div><div id=\"wpforms-896-field_2-container\" class=\"wpforms-field wpforms-field-email\" data-field-id=\"2\"><label class=\"wpforms-field-label\" for=\"wpforms-896-field_2\">Correo electr\u00f3nico <span class=\"wpforms-required-label\" aria-hidden=\"true\">*<\/span><\/label><input type=\"email\" id=\"wpforms-896-field_2\" class=\"wpforms-field-large wpforms-field-required\" name=\"wpforms[fields][2]\" spellcheck=\"false\" aria-errormessage=\"wpforms-896-field_2-error\" required><\/div><div id=\"wpforms-896-field_3-container\" class=\"wpforms-field wpforms-field-textarea\" data-field-id=\"3\"><label class=\"wpforms-field-label\" for=\"wpforms-896-field_3\">Comentario o mensaje<\/label><textarea id=\"wpforms-896-field_3\" class=\"wpforms-field-medium\" name=\"wpforms[fields][3]\" aria-errormessage=\"wpforms-896-field_3-error\" ><\/textarea><\/div><\/div><!-- .wpforms-field-container --><div class=\"wpforms-recaptcha-container wpforms-is-recaptcha wpforms-is-recaptcha-type-v3\" ><input type=\"hidden\" name=\"wpforms[recaptcha]\" value=\"\"><\/div><div class=\"wpforms-submit-container\" ><input type=\"hidden\" name=\"wpforms[id]\" value=\"896\"><input type=\"hidden\" name=\"page_title\" value=\"\"><input type=\"hidden\" name=\"page_url\" value=\"https:\/\/tiendamasruedascoslada.com\/en\/wp-json\/wp\/v2\/pages\/889\"><button type=\"submit\" name=\"wpforms[submit]\" id=\"wpforms-submit-896\" class=\"wpforms-submit\" data-alt-text=\"Enviando...\" data-submit-text=\"Enviar\" aria-live=\"assertive\" value=\"wpforms-submit\">Enviar<\/button><img decoding=\"async\" data-src=\"https:\/\/tiendamasruedascoslada.com\/wp-content\/plugins\/wpforms-lite\/assets\/images\/submit-spin.svg\" class=\"wpforms-submit-spinner lazyload\" style=\"--smush-placeholder-width: 26px; --smush-placeholder-aspect-ratio: 26\/26;display: none;\" width=\"26\" height=\"26\" alt=\"Cargando\" src=\"data:image\/gif;base64,R0lGODlhAQABAAAAACH5BAEKAAEALAAAAAABAAEAAAICTAEAOw==\"><\/div><\/form><\/div>  <!-- .wpforms-container -->\t\t\t\t<\/div>\n\t\t\t\t<\/div>\n\t\t\t\t<\/div>\n\t\t\t\t\t<\/div>\n\t\t\t\t<\/div>\n\t\t<div class=\"elementor-element elementor-element-14ea8f2 elementor-hidden-mobile e-flex e-con-boxed e-con e-parent\" data-id=\"14ea8f2\" data-element_type=\"container\" data-settings=\"{&quot;background_background&quot;:&quot;classic&quot;,&quot;jet_parallax_layout_list&quot;:[]}\">\n\t\t\t\t\t<div class=\"e-con-inner\">\n\t\t\t\t<div class=\"elementor-element elementor-element-fd9501a elementor-widget elementor-widget-spacer\" data-id=\"fd9501a\" data-element_type=\"widget\" data-widget_type=\"spacer.default\">\n\t\t\t\t<div class=\"elementor-widget-container\">\n\t\t\t\t\t\t\t<div class=\"elementor-spacer\">\n\t\t\t<div class=\"elementor-spacer-inner\"><\/div>\n\t\t<\/div>\n\t\t\t\t\t\t<\/div>\n\t\t\t\t<\/div>\n\t\t\t\t\t<\/div>\n\t\t\t\t<\/div>\n\t\t\t\t<\/div>\n\t\t","protected":false},"excerpt":{"rendered":"<p>Contacto Atenci\u00f3n personalizada para todas tus consultas Vis\u00edtanos en Coslada y descubre por qu\u00e9 somos la elecci\u00f3n preferida de muchos conductores. Cont\u00e1ctanos hoy mismo para programar una cita o para obtener m\u00e1s informaci\u00f3n sobre nuestros productos y servicios. Estamos ubicados en una zona de f\u00e1cil acceso, con horarios flexibles para adaptarnos a tus necesidades. Cont\u00e1ctanos &#8230; <a title=\"Contacto\" class=\"read-more\" href=\"https:\/\/tiendamasruedascoslada.com\/contacto\/\" aria-label=\"Leer m\u00e1s sobre Contacto\">Leer m\u00e1s<\/a><\/p>\n","protected":false},"author":33,"featured_media":0,"parent":0,"menu_order":0,"comment_status":"closed","ping_status":"closed","template":"elementor_header_footer","meta":{"footnotes":""},"class_list":["post-889","page","type-page","status-publish"],"yoast_head":"<!-- This site is optimized with the Yoast SEO plugin v24.1 - https:\/\/yoast.com\/wordpress\/plugins\/seo\/ -->\n<title>M\u00e1s Ruedas | Contacto y Atenci\u00f3n Personalizada en Coslada<\/title>\n<meta name=\"description\" content=\"Cont\u00e1ctanos en M\u00e1s Ruedas para atenci\u00f3n personalizada en Coslada. Estamos en una ubicaci\u00f3n accesible y ofrecemos horarios flexibles.\" \/>\n<meta name=\"robots\" content=\"index, follow, max-snippet:-1, max-image-preview:large, max-video-preview:-1\" \/>\n<link rel=\"canonical\" href=\"https:\/\/tiendamasruedascoslada.com\/contacto\/\" \/>\n<meta property=\"og:locale\" content=\"es_ES\" \/>\n<meta property=\"og:type\" content=\"article\" \/>\n<meta property=\"og:title\" content=\"M\u00e1s Ruedas | Contacto y Atenci\u00f3n Personalizada en Coslada\" \/>\n<meta property=\"og:description\" content=\"Cont\u00e1ctanos en M\u00e1s Ruedas para atenci\u00f3n personalizada en Coslada. Estamos en una ubicaci\u00f3n accesible y ofrecemos horarios flexibles.\" \/>\n<meta property=\"og:url\" content=\"https:\/\/tiendamasruedascoslada.com\/contacto\/\" \/>\n<meta property=\"og:site_name\" content=\"Masruedas\" \/>\n<meta property=\"article:modified_time\" content=\"2024-10-30T17:42:49+00:00\" \/>\n<meta property=\"og:image\" content=\"https:\/\/sites8.digitalya.es\/tiendamasruedascoslada.com\/wp-content\/plugins\/wpforms-lite\/assets\/images\/submit-spin.svg\" \/>\n<meta name=\"twitter:card\" content=\"summary_large_image\" \/>\n<meta name=\"twitter:label1\" content=\"Tiempo de lectura\" \/>\n\t<meta name=\"twitter:data1\" content=\"1 minuto\" \/>\n<script type=\"application\/ld+json\" class=\"yoast-schema-graph\">{\"@context\":\"https:\/\/schema.org\",\"@graph\":[{\"@type\":\"WebPage\",\"@id\":\"https:\/\/tiendamasruedascoslada.com\/contacto\/\",\"url\":\"https:\/\/tiendamasruedascoslada.com\/contacto\/\",\"name\":\"M\u00e1s Ruedas | Contacto y Atenci\u00f3n Personalizada en Coslada\",\"isPartOf\":{\"@id\":\"https:\/\/tiendamasruedascoslada.com\/en\/#website\"},\"primaryImageOfPage\":{\"@id\":\"https:\/\/tiendamasruedascoslada.com\/contacto\/#primaryimage\"},\"image\":{\"@id\":\"https:\/\/tiendamasruedascoslada.com\/contacto\/#primaryimage\"},\"thumbnailUrl\":\"https:\/\/sites8.digitalya.es\/tiendamasruedascoslada.com\/wp-content\/plugins\/wpforms-lite\/assets\/images\/submit-spin.svg\",\"datePublished\":\"2024-09-12T11:53:48+00:00\",\"dateModified\":\"2024-10-30T17:42:49+00:00\",\"description\":\"Cont\u00e1ctanos en M\u00e1s Ruedas para atenci\u00f3n personalizada en Coslada. Estamos en una ubicaci\u00f3n accesible y ofrecemos horarios flexibles.\",\"breadcrumb\":{\"@id\":\"https:\/\/tiendamasruedascoslada.com\/contacto\/#breadcrumb\"},\"inLanguage\":\"es\",\"potentialAction\":[{\"@type\":\"ReadAction\",\"target\":[\"https:\/\/tiendamasruedascoslada.com\/contacto\/\"]}]},{\"@type\":\"ImageObject\",\"inLanguage\":\"es\",\"@id\":\"https:\/\/tiendamasruedascoslada.com\/contacto\/#primaryimage\",\"url\":\"https:\/\/sites8.digitalya.es\/tiendamasruedascoslada.com\/wp-content\/plugins\/wpforms-lite\/assets\/images\/submit-spin.svg\",\"contentUrl\":\"https:\/\/sites8.digitalya.es\/tiendamasruedascoslada.com\/wp-content\/plugins\/wpforms-lite\/assets\/images\/submit-spin.svg\"},{\"@type\":\"BreadcrumbList\",\"@id\":\"https:\/\/tiendamasruedascoslada.com\/contacto\/#breadcrumb\",\"itemListElement\":[{\"@type\":\"ListItem\",\"position\":1,\"name\":\"Portada\",\"item\":\"https:\/\/tiendamasruedascoslada.com\/\"},{\"@type\":\"ListItem\",\"position\":2,\"name\":\"Contacto\"}]},{\"@type\":\"WebSite\",\"@id\":\"https:\/\/tiendamasruedascoslada.com\/en\/#website\",\"url\":\"https:\/\/tiendamasruedascoslada.com\/en\/\",\"name\":\"Masruedas\",\"description\":\"\",\"publisher\":{\"@id\":\"https:\/\/tiendamasruedascoslada.com\/en\/#organization\"},\"potentialAction\":[{\"@type\":\"SearchAction\",\"target\":{\"@type\":\"EntryPoint\",\"urlTemplate\":\"https:\/\/tiendamasruedascoslada.com\/en\/?s={search_term_string}\"},\"query-input\":{\"@type\":\"PropertyValueSpecification\",\"valueRequired\":true,\"valueName\":\"search_term_string\"}}],\"inLanguage\":\"es\"},{\"@type\":\"Organization\",\"@id\":\"https:\/\/tiendamasruedascoslada.com\/en\/#organization\",\"name\":\"Masruedas\",\"url\":\"https:\/\/tiendamasruedascoslada.com\/en\/\",\"logo\":{\"@type\":\"ImageObject\",\"inLanguage\":\"es\",\"@id\":\"https:\/\/tiendamasruedascoslada.com\/en\/#\/schema\/logo\/image\/\",\"url\":\"https:\/\/tiendamasruedascoslada.com\/wp-content\/uploads\/sites\/287\/2024\/07\/masruedas.png\",\"contentUrl\":\"https:\/\/tiendamasruedascoslada.com\/wp-content\/uploads\/sites\/287\/2024\/07\/masruedas.png\",\"width\":2755,\"height\":963,\"caption\":\"Masruedas\"},\"image\":{\"@id\":\"https:\/\/tiendamasruedascoslada.com\/en\/#\/schema\/logo\/image\/\"}}]}<\/script>\n<!-- \/ Yoast SEO plugin. -->","yoast_head_json":{"title":"M\u00e1s Ruedas | Contacto y Atenci\u00f3n Personalizada en Coslada","description":"Cont\u00e1ctanos en M\u00e1s Ruedas para atenci\u00f3n personalizada en Coslada. Estamos en una ubicaci\u00f3n accesible y ofrecemos horarios flexibles.","robots":{"index":"index","follow":"follow","max-snippet":"max-snippet:-1","max-image-preview":"max-image-preview:large","max-video-preview":"max-video-preview:-1"},"canonical":"https:\/\/tiendamasruedascoslada.com\/contacto\/","og_locale":"es_ES","og_type":"article","og_title":"M\u00e1s Ruedas | Contacto y Atenci\u00f3n Personalizada en Coslada","og_description":"Cont\u00e1ctanos en M\u00e1s Ruedas para atenci\u00f3n personalizada en Coslada. Estamos en una ubicaci\u00f3n accesible y ofrecemos horarios flexibles.","og_url":"https:\/\/tiendamasruedascoslada.com\/contacto\/","og_site_name":"Masruedas","article_modified_time":"2024-10-30T17:42:49+00:00","og_image":[{"url":"https:\/\/sites8.digitalya.es\/tiendamasruedascoslada.com\/wp-content\/plugins\/wpforms-lite\/assets\/images\/submit-spin.svg","type":"","width":"","height":""}],"twitter_card":"summary_large_image","twitter_misc":{"Tiempo de lectura":"1 minuto"},"schema":{"@context":"https:\/\/schema.org","@graph":[{"@type":"WebPage","@id":"https:\/\/tiendamasruedascoslada.com\/contacto\/","url":"https:\/\/tiendamasruedascoslada.com\/contacto\/","name":"M\u00e1s Ruedas | Contacto y Atenci\u00f3n Personalizada en Coslada","isPartOf":{"@id":"https:\/\/tiendamasruedascoslada.com\/en\/#website"},"primaryImageOfPage":{"@id":"https:\/\/tiendamasruedascoslada.com\/contacto\/#primaryimage"},"image":{"@id":"https:\/\/tiendamasruedascoslada.com\/contacto\/#primaryimage"},"thumbnailUrl":"https:\/\/sites8.digitalya.es\/tiendamasruedascoslada.com\/wp-content\/plugins\/wpforms-lite\/assets\/images\/submit-spin.svg","datePublished":"2024-09-12T11:53:48+00:00","dateModified":"2024-10-30T17:42:49+00:00","description":"Cont\u00e1ctanos en M\u00e1s Ruedas para atenci\u00f3n personalizada en Coslada. Estamos en una ubicaci\u00f3n accesible y ofrecemos horarios flexibles.","breadcrumb":{"@id":"https:\/\/tiendamasruedascoslada.com\/contacto\/#breadcrumb"},"inLanguage":"es","potentialAction":[{"@type":"ReadAction","target":["https:\/\/tiendamasruedascoslada.com\/contacto\/"]}]},{"@type":"ImageObject","inLanguage":"es","@id":"https:\/\/tiendamasruedascoslada.com\/contacto\/#primaryimage","url":"https:\/\/sites8.digitalya.es\/tiendamasruedascoslada.com\/wp-content\/plugins\/wpforms-lite\/assets\/images\/submit-spin.svg","contentUrl":"https:\/\/sites8.digitalya.es\/tiendamasruedascoslada.com\/wp-content\/plugins\/wpforms-lite\/assets\/images\/submit-spin.svg"},{"@type":"BreadcrumbList","@id":"https:\/\/tiendamasruedascoslada.com\/contacto\/#breadcrumb","itemListElement":[{"@type":"ListItem","position":1,"name":"Portada","item":"https:\/\/tiendamasruedascoslada.com\/"},{"@type":"ListItem","position":2,"name":"Contacto"}]},{"@type":"WebSite","@id":"https:\/\/tiendamasruedascoslada.com\/en\/#website","url":"https:\/\/tiendamasruedascoslada.com\/en\/","name":"Masruedas","description":"","publisher":{"@id":"https:\/\/tiendamasruedascoslada.com\/en\/#organization"},"potentialAction":[{"@type":"SearchAction","target":{"@type":"EntryPoint","urlTemplate":"https:\/\/tiendamasruedascoslada.com\/en\/?s={search_term_string}"},"query-input":{"@type":"PropertyValueSpecification","valueRequired":true,"valueName":"search_term_string"}}],"inLanguage":"es"},{"@type":"Organization","@id":"https:\/\/tiendamasruedascoslada.com\/en\/#organization","name":"Masruedas","url":"https:\/\/tiendamasruedascoslada.com\/en\/","logo":{"@type":"ImageObject","inLanguage":"es","@id":"https:\/\/tiendamasruedascoslada.com\/en\/#\/schema\/logo\/image\/","url":"https:\/\/tiendamasruedascoslada.com\/wp-content\/uploads\/sites\/287\/2024\/07\/masruedas.png","contentUrl":"https:\/\/tiendamasruedascoslada.com\/wp-content\/uploads\/sites\/287\/2024\/07\/masruedas.png","width":2755,"height":963,"caption":"Masruedas"},"image":{"@id":"https:\/\/tiendamasruedascoslada.com\/en\/#\/schema\/logo\/image\/"}}]}},"_links":{"self":[{"href":"https:\/\/tiendamasruedascoslada.com\/en\/wp-json\/wp\/v2\/pages\/889","targetHints":{"allow":["GET"]}}],"collection":[{"href":"https:\/\/tiendamasruedascoslada.com\/en\/wp-json\/wp\/v2\/pages"}],"about":[{"href":"https:\/\/tiendamasruedascoslada.com\/en\/wp-json\/wp\/v2\/types\/page"}],"author":[{"embeddable":true,"href":"https:\/\/tiendamasruedascoslada.com\/en\/wp-json\/wp\/v2\/users\/33"}],"replies":[{"embeddable":true,"href":"https:\/\/tiendamasruedascoslada.com\/en\/wp-json\/wp\/v2\/comments?post=889"}],"version-history":[{"count":0,"href":"https:\/\/tiendamasruedascoslada.com\/en\/wp-json\/wp\/v2\/pages\/889\/revisions"}],"wp:attachment":[{"href":"https:\/\/tiendamasruedascoslada.com\/en\/wp-json\/wp\/v2\/media?parent=889"}],"curies":[{"name":"wp","href":"https:\/\/api.w.org\/{rel}","templated":true}]}}