{"id":704,"date":"2024-09-10T19:47:37","date_gmt":"2024-09-10T17:47:37","guid":{"rendered":"https:\/\/sites8.digitalya.es\/tiendamasruedascoslada.com\/?post_type=product&#038;p=704"},"modified":"2024-09-11T18:02:01","modified_gmt":"2024-09-11T16:02:01","slug":"tunap-987-anticristalizacion-scr","status":"publish","type":"product","link":"https:\/\/tiendamasruedascoslada.com\/en\/producto\/tunap-987-anticristalizacion-scr\/","title":{"rendered":"TUNAP-987 ANTICRISTALIZACION SCR"},"content":{"rendered":"<p>TUNAP-987 ANTICRISTALIZACION SCR. Soluci\u00f3n activa para uso en sistemas de catalizadores SCR. limpia los sistemas de dosificaci\u00f3n de urea y los catalizadores SCR obstruidos a causa de la cristalizaci\u00f3n, evitando p\u00e9rdidas de potencia o aver\u00edas en los motores.<\/p>\n","protected":false},"excerpt":{"rendered":"<p>TUNAP-987 ANTICRISTALIZACION SCR.<\/p>\n","protected":false},"featured_media":705,"comment_status":"open","ping_status":"closed","template":"","meta":[],"product_brand":[],"product_cat":[88],"product_tag":[],"class_list":{"0":"post-704","1":"product","2":"type-product","3":"status-publish","4":"has-post-thumbnail","6":"product_cat-productos","8":"first","9":"instock","10":"taxable","11":"shipping-taxable","12":"purchasable","13":"product-type-simple"},"yoast_head":"<!-- This site is optimized with the Yoast SEO plugin v24.1 - https:\/\/yoast.com\/wordpress\/plugins\/seo\/ -->\n<title>TUNAP-987 ANTICRISTALIZACION SCR - Masruedas<\/title>\n<meta name=\"robots\" content=\"index, follow, max-snippet:-1, max-image-preview:large, max-video-preview:-1\" \/>\n<link rel=\"canonical\" href=\"https:\/\/tiendamasruedascoslada.com\/en\/producto\/tunap-987-anticristalizacion-scr\/\" \/>\n<meta property=\"og:locale\" content=\"es_ES\" \/>\n<meta property=\"og:type\" content=\"article\" \/>\n<meta property=\"og:title\" content=\"TUNAP-987 ANTICRISTALIZACION SCR - Masruedas\" \/>\n<meta property=\"og:description\" content=\"TUNAP-987 ANTICRISTALIZACION SCR.\" \/>\n<meta property=\"og:url\" content=\"https:\/\/tiendamasruedascoslada.com\/en\/producto\/tunap-987-anticristalizacion-scr\/\" \/>\n<meta property=\"og:site_name\" content=\"Masruedas\" \/>\n<meta property=\"article:modified_time\" content=\"2024-09-11T16:02:01+00:00\" \/>\n<meta property=\"og:image\" content=\"https:\/\/tiendamasruedascoslada.com\/wp-content\/uploads\/sites\/287\/2024\/09\/ID-40_Tunap-987.jpg\" \/>\n\t<meta property=\"og:image:width\" content=\"420\" \/>\n\t<meta property=\"og:image:height\" content=\"550\" \/>\n\t<meta property=\"og:image:type\" content=\"image\/jpeg\" \/>\n<meta name=\"twitter:card\" content=\"summary_large_image\" \/>\n<meta name=\"twitter:label1\" content=\"Tiempo de lectura\" \/>\n\t<meta name=\"twitter:data1\" content=\"1 minuto\" \/>\n<script type=\"application\/ld+json\" class=\"yoast-schema-graph\">{\"@context\":\"https:\/\/schema.org\",\"@graph\":[{\"@type\":\"WebPage\",\"@id\":\"https:\/\/tiendamasruedascoslada.com\/en\/producto\/tunap-987-anticristalizacion-scr\/\",\"url\":\"https:\/\/tiendamasruedascoslada.com\/en\/producto\/tunap-987-anticristalizacion-scr\/\",\"name\":\"TUNAP-987 ANTICRISTALIZACION SCR - Masruedas\",\"isPartOf\":{\"@id\":\"https:\/\/tiendamasruedascoslada.com\/en\/#website\"},\"primaryImageOfPage\":{\"@id\":\"https:\/\/tiendamasruedascoslada.com\/en\/producto\/tunap-987-anticristalizacion-scr\/#primaryimage\"},\"image\":{\"@id\":\"https:\/\/tiendamasruedascoslada.com\/en\/producto\/tunap-987-anticristalizacion-scr\/#primaryimage\"},\"thumbnailUrl\":\"https:\/\/tiendamasruedascoslada.com\/wp-content\/uploads\/sites\/287\/2024\/09\/ID-40_Tunap-987.jpg\",\"datePublished\":\"2024-09-10T17:47:37+00:00\",\"dateModified\":\"2024-09-11T16:02:01+00:00\",\"breadcrumb\":{\"@id\":\"https:\/\/tiendamasruedascoslada.com\/en\/producto\/tunap-987-anticristalizacion-scr\/#breadcrumb\"},\"inLanguage\":\"es\",\"potentialAction\":[{\"@type\":\"ReadAction\",\"target\":[\"https:\/\/tiendamasruedascoslada.com\/en\/producto\/tunap-987-anticristalizacion-scr\/\"]}]},{\"@type\":\"ImageObject\",\"inLanguage\":\"es\",\"@id\":\"https:\/\/tiendamasruedascoslada.com\/en\/producto\/tunap-987-anticristalizacion-scr\/#primaryimage\",\"url\":\"https:\/\/tiendamasruedascoslada.com\/wp-content\/uploads\/sites\/287\/2024\/09\/ID-40_Tunap-987.jpg\",\"contentUrl\":\"https:\/\/tiendamasruedascoslada.com\/wp-content\/uploads\/sites\/287\/2024\/09\/ID-40_Tunap-987.jpg\",\"width\":420,\"height\":550},{\"@type\":\"BreadcrumbList\",\"@id\":\"https:\/\/tiendamasruedascoslada.com\/en\/producto\/tunap-987-anticristalizacion-scr\/#breadcrumb\",\"itemListElement\":[{\"@type\":\"ListItem\",\"position\":1,\"name\":\"Portada\",\"item\":\"https:\/\/tiendamasruedascoslada.com\/\"},{\"@type\":\"ListItem\",\"position\":2,\"name\":\"Tienda\",\"item\":\"https:\/\/tiendamasruedascoslada.com\/\"},{\"@type\":\"ListItem\",\"position\":3,\"name\":\"TUNAP-987 ANTICRISTALIZACION SCR\"}]},{\"@type\":\"WebSite\",\"@id\":\"https:\/\/tiendamasruedascoslada.com\/en\/#website\",\"url\":\"https:\/\/tiendamasruedascoslada.com\/en\/\",\"name\":\"Masruedas\",\"description\":\"\",\"publisher\":{\"@id\":\"https:\/\/tiendamasruedascoslada.com\/en\/#organization\"},\"potentialAction\":[{\"@type\":\"SearchAction\",\"target\":{\"@type\":\"EntryPoint\",\"urlTemplate\":\"https:\/\/tiendamasruedascoslada.com\/en\/?s={search_term_string}\"},\"query-input\":{\"@type\":\"PropertyValueSpecification\",\"valueRequired\":true,\"valueName\":\"search_term_string\"}}],\"inLanguage\":\"es\"},{\"@type\":\"Organization\",\"@id\":\"https:\/\/tiendamasruedascoslada.com\/en\/#organization\",\"name\":\"Masruedas\",\"url\":\"https:\/\/tiendamasruedascoslada.com\/en\/\",\"logo\":{\"@type\":\"ImageObject\",\"inLanguage\":\"es\",\"@id\":\"https:\/\/tiendamasruedascoslada.com\/en\/#\/schema\/logo\/image\/\",\"url\":\"https:\/\/tiendamasruedascoslada.com\/wp-content\/uploads\/sites\/287\/2024\/07\/masruedas.png\",\"contentUrl\":\"https:\/\/tiendamasruedascoslada.com\/wp-content\/uploads\/sites\/287\/2024\/07\/masruedas.png\",\"width\":2755,\"height\":963,\"caption\":\"Masruedas\"},\"image\":{\"@id\":\"https:\/\/tiendamasruedascoslada.com\/en\/#\/schema\/logo\/image\/\"}}]}<\/script>\n<!-- \/ Yoast SEO plugin. -->","yoast_head_json":{"title":"TUNAP-987 ANTICRISTALIZACION SCR - Masruedas","robots":{"index":"index","follow":"follow","max-snippet":"max-snippet:-1","max-image-preview":"max-image-preview:large","max-video-preview":"max-video-preview:-1"},"canonical":"https:\/\/tiendamasruedascoslada.com\/en\/producto\/tunap-987-anticristalizacion-scr\/","og_locale":"es_ES","og_type":"article","og_title":"TUNAP-987 ANTICRISTALIZACION SCR - Masruedas","og_description":"TUNAP-987 ANTICRISTALIZACION SCR.","og_url":"https:\/\/tiendamasruedascoslada.com\/en\/producto\/tunap-987-anticristalizacion-scr\/","og_site_name":"Masruedas","article_modified_time":"2024-09-11T16:02:01+00:00","og_image":[{"width":420,"height":550,"url":"https:\/\/tiendamasruedascoslada.com\/wp-content\/uploads\/sites\/287\/2024\/09\/ID-40_Tunap-987.jpg","type":"image\/jpeg"}],"twitter_card":"summary_large_image","twitter_misc":{"Tiempo de lectura":"1 minuto"},"schema":{"@context":"https:\/\/schema.org","@graph":[{"@type":"WebPage","@id":"https:\/\/tiendamasruedascoslada.com\/en\/producto\/tunap-987-anticristalizacion-scr\/","url":"https:\/\/tiendamasruedascoslada.com\/en\/producto\/tunap-987-anticristalizacion-scr\/","name":"TUNAP-987 ANTICRISTALIZACION SCR - Masruedas","isPartOf":{"@id":"https:\/\/tiendamasruedascoslada.com\/en\/#website"},"primaryImageOfPage":{"@id":"https:\/\/tiendamasruedascoslada.com\/en\/producto\/tunap-987-anticristalizacion-scr\/#primaryimage"},"image":{"@id":"https:\/\/tiendamasruedascoslada.com\/en\/producto\/tunap-987-anticristalizacion-scr\/#primaryimage"},"thumbnailUrl":"https:\/\/tiendamasruedascoslada.com\/wp-content\/uploads\/sites\/287\/2024\/09\/ID-40_Tunap-987.jpg","datePublished":"2024-09-10T17:47:37+00:00","dateModified":"2024-09-11T16:02:01+00:00","breadcrumb":{"@id":"https:\/\/tiendamasruedascoslada.com\/en\/producto\/tunap-987-anticristalizacion-scr\/#breadcrumb"},"inLanguage":"es","potentialAction":[{"@type":"ReadAction","target":["https:\/\/tiendamasruedascoslada.com\/en\/producto\/tunap-987-anticristalizacion-scr\/"]}]},{"@type":"ImageObject","inLanguage":"es","@id":"https:\/\/tiendamasruedascoslada.com\/en\/producto\/tunap-987-anticristalizacion-scr\/#primaryimage","url":"https:\/\/tiendamasruedascoslada.com\/wp-content\/uploads\/sites\/287\/2024\/09\/ID-40_Tunap-987.jpg","contentUrl":"https:\/\/tiendamasruedascoslada.com\/wp-content\/uploads\/sites\/287\/2024\/09\/ID-40_Tunap-987.jpg","width":420,"height":550},{"@type":"BreadcrumbList","@id":"https:\/\/tiendamasruedascoslada.com\/en\/producto\/tunap-987-anticristalizacion-scr\/#breadcrumb","itemListElement":[{"@type":"ListItem","position":1,"name":"Portada","item":"https:\/\/tiendamasruedascoslada.com\/"},{"@type":"ListItem","position":2,"name":"Tienda","item":"https:\/\/tiendamasruedascoslada.com\/"},{"@type":"ListItem","position":3,"name":"TUNAP-987 ANTICRISTALIZACION SCR"}]},{"@type":"WebSite","@id":"https:\/\/tiendamasruedascoslada.com\/en\/#website","url":"https:\/\/tiendamasruedascoslada.com\/en\/","name":"Masruedas","description":"","publisher":{"@id":"https:\/\/tiendamasruedascoslada.com\/en\/#organization"},"potentialAction":[{"@type":"SearchAction","target":{"@type":"EntryPoint","urlTemplate":"https:\/\/tiendamasruedascoslada.com\/en\/?s={search_term_string}"},"query-input":{"@type":"PropertyValueSpecification","valueRequired":true,"valueName":"search_term_string"}}],"inLanguage":"es"},{"@type":"Organization","@id":"https:\/\/tiendamasruedascoslada.com\/en\/#organization","name":"Masruedas","url":"https:\/\/tiendamasruedascoslada.com\/en\/","logo":{"@type":"ImageObject","inLanguage":"es","@id":"https:\/\/tiendamasruedascoslada.com\/en\/#\/schema\/logo\/image\/","url":"https:\/\/tiendamasruedascoslada.com\/wp-content\/uploads\/sites\/287\/2024\/07\/masruedas.png","contentUrl":"https:\/\/tiendamasruedascoslada.com\/wp-content\/uploads\/sites\/287\/2024\/07\/masruedas.png","width":2755,"height":963,"caption":"Masruedas"},"image":{"@id":"https:\/\/tiendamasruedascoslada.com\/en\/#\/schema\/logo\/image\/"}}]}},"_links":{"self":[{"href":"https:\/\/tiendamasruedascoslada.com\/en\/wp-json\/wp\/v2\/product\/704","targetHints":{"allow":["GET"]}}],"collection":[{"href":"https:\/\/tiendamasruedascoslada.com\/en\/wp-json\/wp\/v2\/product"}],"about":[{"href":"https:\/\/tiendamasruedascoslada.com\/en\/wp-json\/wp\/v2\/types\/product"}],"replies":[{"embeddable":true,"href":"https:\/\/tiendamasruedascoslada.com\/en\/wp-json\/wp\/v2\/comments?post=704"}],"version-history":[{"count":0,"href":"https:\/\/tiendamasruedascoslada.com\/en\/wp-json\/wp\/v2\/product\/704\/revisions"}],"wp:featuredmedia":[{"embeddable":true,"href":"https:\/\/tiendamasruedascoslada.com\/en\/wp-json\/wp\/v2\/media\/705"}],"wp:attachment":[{"href":"https:\/\/tiendamasruedascoslada.com\/en\/wp-json\/wp\/v2\/media?parent=704"}],"wp:term":[{"taxonomy":"product_brand","embeddable":true,"href":"https:\/\/tiendamasruedascoslada.com\/en\/wp-json\/wp\/v2\/product_brand?post=704"},{"taxonomy":"product_cat","embeddable":true,"href":"https:\/\/tiendamasruedascoslada.com\/en\/wp-json\/wp\/v2\/product_cat?post=704"},{"taxonomy":"product_tag","embeddable":true,"href":"https:\/\/tiendamasruedascoslada.com\/en\/wp-json\/wp\/v2\/product_tag?post=704"}],"curies":[{"name":"wp","href":"https:\/\/api.w.org\/{rel}","templated":true}]}}