{"id":706,"date":"2024-09-10T19:53:06","date_gmt":"2024-09-10T17:53:06","guid":{"rendered":"https:\/\/sites8.digitalya.es\/tiendamasruedascoslada.com\/?post_type=product&#038;p=706"},"modified":"2024-09-10T19:53:07","modified_gmt":"2024-09-10T17:53:07","slug":"luz-de-emergencia-v16","status":"publish","type":"product","link":"https:\/\/tiendamasruedascoslada.com\/en\/producto\/luz-de-emergencia-v16\/","title":{"rendered":"Luz de emergencia V16"},"content":{"rendered":"<p>Luz de emergencia V16 inteligente\u00a0Help Flash Smart. La \u00faltima evoluci\u00f3n de la marca Help Flash que permite la conectividad para el aviso de emergencia y solicitud de auxilio en carretera. La nueva Help Flash Smart combina las funciones de se\u00f1alizaci\u00f3n luminosa de emergencia y la funci\u00f3n de linterna con un servicio de asistencia conectado, para ayudarte de forma r\u00e1pida y f\u00e1cil en caso de emergencia.<\/p>\n","protected":false},"excerpt":{"rendered":"<p>Luz de emergencia V16 inteligente\u00a0Help Flash Smart. Baliza luminosa homologada V16 Help Flash con conectividad Bluetooth.<\/p>\n","protected":false},"featured_media":707,"comment_status":"open","ping_status":"closed","template":"","meta":[],"product_brand":[],"product_cat":[82],"product_tag":[],"class_list":{"0":"post-706","1":"product","2":"type-product","3":"status-publish","4":"has-post-thumbnail","6":"product_cat-emergencia","8":"first","9":"instock","10":"taxable","11":"shipping-taxable","12":"purchasable","13":"product-type-simple"},"yoast_head":"<!-- This site is optimized with the Yoast SEO plugin v24.1 - https:\/\/yoast.com\/wordpress\/plugins\/seo\/ -->\n<title>Luz de emergencia V16 - Masruedas<\/title>\n<meta name=\"robots\" content=\"index, follow, max-snippet:-1, max-image-preview:large, max-video-preview:-1\" \/>\n<link rel=\"canonical\" href=\"https:\/\/tiendamasruedascoslada.com\/en\/producto\/luz-de-emergencia-v16\/\" \/>\n<meta property=\"og:locale\" content=\"es_ES\" \/>\n<meta property=\"og:type\" content=\"article\" \/>\n<meta property=\"og:title\" content=\"Luz de emergencia V16 - Masruedas\" \/>\n<meta property=\"og:description\" content=\"Luz de emergencia V16 inteligente\u00a0Help Flash Smart. Baliza luminosa homologada V16 Help Flash con conectividad Bluetooth.\" \/>\n<meta property=\"og:url\" content=\"https:\/\/tiendamasruedascoslada.com\/en\/producto\/luz-de-emergencia-v16\/\" \/>\n<meta property=\"og:site_name\" content=\"Masruedas\" \/>\n<meta property=\"article:modified_time\" content=\"2024-09-10T17:53:07+00:00\" \/>\n<meta property=\"og:image\" content=\"https:\/\/tiendamasruedascoslada.com\/wp-content\/uploads\/sites\/287\/2024\/09\/ID-41_Luz-emergencia.jpg\" \/>\n\t<meta property=\"og:image:width\" content=\"950\" \/>\n\t<meta property=\"og:image:height\" content=\"728\" \/>\n\t<meta property=\"og:image:type\" content=\"image\/jpeg\" \/>\n<meta name=\"twitter:card\" content=\"summary_large_image\" \/>\n<meta name=\"twitter:label1\" content=\"Tiempo de lectura\" \/>\n\t<meta name=\"twitter:data1\" content=\"1 minuto\" \/>\n<script type=\"application\/ld+json\" class=\"yoast-schema-graph\">{\"@context\":\"https:\/\/schema.org\",\"@graph\":[{\"@type\":\"WebPage\",\"@id\":\"https:\/\/tiendamasruedascoslada.com\/en\/producto\/luz-de-emergencia-v16\/\",\"url\":\"https:\/\/tiendamasruedascoslada.com\/en\/producto\/luz-de-emergencia-v16\/\",\"name\":\"Luz de emergencia V16 - Masruedas\",\"isPartOf\":{\"@id\":\"https:\/\/tiendamasruedascoslada.com\/en\/#website\"},\"primaryImageOfPage\":{\"@id\":\"https:\/\/tiendamasruedascoslada.com\/en\/producto\/luz-de-emergencia-v16\/#primaryimage\"},\"image\":{\"@id\":\"https:\/\/tiendamasruedascoslada.com\/en\/producto\/luz-de-emergencia-v16\/#primaryimage\"},\"thumbnailUrl\":\"https:\/\/tiendamasruedascoslada.com\/wp-content\/uploads\/sites\/287\/2024\/09\/ID-41_Luz-emergencia.jpg\",\"datePublished\":\"2024-09-10T17:53:06+00:00\",\"dateModified\":\"2024-09-10T17:53:07+00:00\",\"breadcrumb\":{\"@id\":\"https:\/\/tiendamasruedascoslada.com\/en\/producto\/luz-de-emergencia-v16\/#breadcrumb\"},\"inLanguage\":\"es\",\"potentialAction\":[{\"@type\":\"ReadAction\",\"target\":[\"https:\/\/tiendamasruedascoslada.com\/en\/producto\/luz-de-emergencia-v16\/\"]}]},{\"@type\":\"ImageObject\",\"inLanguage\":\"es\",\"@id\":\"https:\/\/tiendamasruedascoslada.com\/en\/producto\/luz-de-emergencia-v16\/#primaryimage\",\"url\":\"https:\/\/tiendamasruedascoslada.com\/wp-content\/uploads\/sites\/287\/2024\/09\/ID-41_Luz-emergencia.jpg\",\"contentUrl\":\"https:\/\/tiendamasruedascoslada.com\/wp-content\/uploads\/sites\/287\/2024\/09\/ID-41_Luz-emergencia.jpg\",\"width\":950,\"height\":728},{\"@type\":\"BreadcrumbList\",\"@id\":\"https:\/\/tiendamasruedascoslada.com\/en\/producto\/luz-de-emergencia-v16\/#breadcrumb\",\"itemListElement\":[{\"@type\":\"ListItem\",\"position\":1,\"name\":\"Portada\",\"item\":\"https:\/\/tiendamasruedascoslada.com\/\"},{\"@type\":\"ListItem\",\"position\":2,\"name\":\"Tienda\",\"item\":\"https:\/\/tiendamasruedascoslada.com\/\"},{\"@type\":\"ListItem\",\"position\":3,\"name\":\"Luz de emergencia V16\"}]},{\"@type\":\"WebSite\",\"@id\":\"https:\/\/tiendamasruedascoslada.com\/en\/#website\",\"url\":\"https:\/\/tiendamasruedascoslada.com\/en\/\",\"name\":\"Masruedas\",\"description\":\"\",\"publisher\":{\"@id\":\"https:\/\/tiendamasruedascoslada.com\/en\/#organization\"},\"potentialAction\":[{\"@type\":\"SearchAction\",\"target\":{\"@type\":\"EntryPoint\",\"urlTemplate\":\"https:\/\/tiendamasruedascoslada.com\/en\/?s={search_term_string}\"},\"query-input\":{\"@type\":\"PropertyValueSpecification\",\"valueRequired\":true,\"valueName\":\"search_term_string\"}}],\"inLanguage\":\"es\"},{\"@type\":\"Organization\",\"@id\":\"https:\/\/tiendamasruedascoslada.com\/en\/#organization\",\"name\":\"Masruedas\",\"url\":\"https:\/\/tiendamasruedascoslada.com\/en\/\",\"logo\":{\"@type\":\"ImageObject\",\"inLanguage\":\"es\",\"@id\":\"https:\/\/tiendamasruedascoslada.com\/en\/#\/schema\/logo\/image\/\",\"url\":\"https:\/\/tiendamasruedascoslada.com\/wp-content\/uploads\/sites\/287\/2024\/07\/masruedas.png\",\"contentUrl\":\"https:\/\/tiendamasruedascoslada.com\/wp-content\/uploads\/sites\/287\/2024\/07\/masruedas.png\",\"width\":2755,\"height\":963,\"caption\":\"Masruedas\"},\"image\":{\"@id\":\"https:\/\/tiendamasruedascoslada.com\/en\/#\/schema\/logo\/image\/\"}}]}<\/script>\n<!-- \/ Yoast SEO plugin. -->","yoast_head_json":{"title":"Luz de emergencia V16 - Masruedas","robots":{"index":"index","follow":"follow","max-snippet":"max-snippet:-1","max-image-preview":"max-image-preview:large","max-video-preview":"max-video-preview:-1"},"canonical":"https:\/\/tiendamasruedascoslada.com\/en\/producto\/luz-de-emergencia-v16\/","og_locale":"es_ES","og_type":"article","og_title":"Luz de emergencia V16 - Masruedas","og_description":"Luz de emergencia V16 inteligente\u00a0Help Flash Smart. Baliza luminosa homologada V16 Help Flash con conectividad Bluetooth.","og_url":"https:\/\/tiendamasruedascoslada.com\/en\/producto\/luz-de-emergencia-v16\/","og_site_name":"Masruedas","article_modified_time":"2024-09-10T17:53:07+00:00","og_image":[{"width":950,"height":728,"url":"https:\/\/tiendamasruedascoslada.com\/wp-content\/uploads\/sites\/287\/2024\/09\/ID-41_Luz-emergencia.jpg","type":"image\/jpeg"}],"twitter_card":"summary_large_image","twitter_misc":{"Tiempo de lectura":"1 minuto"},"schema":{"@context":"https:\/\/schema.org","@graph":[{"@type":"WebPage","@id":"https:\/\/tiendamasruedascoslada.com\/en\/producto\/luz-de-emergencia-v16\/","url":"https:\/\/tiendamasruedascoslada.com\/en\/producto\/luz-de-emergencia-v16\/","name":"Luz de emergencia V16 - Masruedas","isPartOf":{"@id":"https:\/\/tiendamasruedascoslada.com\/en\/#website"},"primaryImageOfPage":{"@id":"https:\/\/tiendamasruedascoslada.com\/en\/producto\/luz-de-emergencia-v16\/#primaryimage"},"image":{"@id":"https:\/\/tiendamasruedascoslada.com\/en\/producto\/luz-de-emergencia-v16\/#primaryimage"},"thumbnailUrl":"https:\/\/tiendamasruedascoslada.com\/wp-content\/uploads\/sites\/287\/2024\/09\/ID-41_Luz-emergencia.jpg","datePublished":"2024-09-10T17:53:06+00:00","dateModified":"2024-09-10T17:53:07+00:00","breadcrumb":{"@id":"https:\/\/tiendamasruedascoslada.com\/en\/producto\/luz-de-emergencia-v16\/#breadcrumb"},"inLanguage":"es","potentialAction":[{"@type":"ReadAction","target":["https:\/\/tiendamasruedascoslada.com\/en\/producto\/luz-de-emergencia-v16\/"]}]},{"@type":"ImageObject","inLanguage":"es","@id":"https:\/\/tiendamasruedascoslada.com\/en\/producto\/luz-de-emergencia-v16\/#primaryimage","url":"https:\/\/tiendamasruedascoslada.com\/wp-content\/uploads\/sites\/287\/2024\/09\/ID-41_Luz-emergencia.jpg","contentUrl":"https:\/\/tiendamasruedascoslada.com\/wp-content\/uploads\/sites\/287\/2024\/09\/ID-41_Luz-emergencia.jpg","width":950,"height":728},{"@type":"BreadcrumbList","@id":"https:\/\/tiendamasruedascoslada.com\/en\/producto\/luz-de-emergencia-v16\/#breadcrumb","itemListElement":[{"@type":"ListItem","position":1,"name":"Portada","item":"https:\/\/tiendamasruedascoslada.com\/"},{"@type":"ListItem","position":2,"name":"Tienda","item":"https:\/\/tiendamasruedascoslada.com\/"},{"@type":"ListItem","position":3,"name":"Luz de emergencia V16"}]},{"@type":"WebSite","@id":"https:\/\/tiendamasruedascoslada.com\/en\/#website","url":"https:\/\/tiendamasruedascoslada.com\/en\/","name":"Masruedas","description":"","publisher":{"@id":"https:\/\/tiendamasruedascoslada.com\/en\/#organization"},"potentialAction":[{"@type":"SearchAction","target":{"@type":"EntryPoint","urlTemplate":"https:\/\/tiendamasruedascoslada.com\/en\/?s={search_term_string}"},"query-input":{"@type":"PropertyValueSpecification","valueRequired":true,"valueName":"search_term_string"}}],"inLanguage":"es"},{"@type":"Organization","@id":"https:\/\/tiendamasruedascoslada.com\/en\/#organization","name":"Masruedas","url":"https:\/\/tiendamasruedascoslada.com\/en\/","logo":{"@type":"ImageObject","inLanguage":"es","@id":"https:\/\/tiendamasruedascoslada.com\/en\/#\/schema\/logo\/image\/","url":"https:\/\/tiendamasruedascoslada.com\/wp-content\/uploads\/sites\/287\/2024\/07\/masruedas.png","contentUrl":"https:\/\/tiendamasruedascoslada.com\/wp-content\/uploads\/sites\/287\/2024\/07\/masruedas.png","width":2755,"height":963,"caption":"Masruedas"},"image":{"@id":"https:\/\/tiendamasruedascoslada.com\/en\/#\/schema\/logo\/image\/"}}]}},"_links":{"self":[{"href":"https:\/\/tiendamasruedascoslada.com\/en\/wp-json\/wp\/v2\/product\/706","targetHints":{"allow":["GET"]}}],"collection":[{"href":"https:\/\/tiendamasruedascoslada.com\/en\/wp-json\/wp\/v2\/product"}],"about":[{"href":"https:\/\/tiendamasruedascoslada.com\/en\/wp-json\/wp\/v2\/types\/product"}],"replies":[{"embeddable":true,"href":"https:\/\/tiendamasruedascoslada.com\/en\/wp-json\/wp\/v2\/comments?post=706"}],"version-history":[{"count":0,"href":"https:\/\/tiendamasruedascoslada.com\/en\/wp-json\/wp\/v2\/product\/706\/revisions"}],"wp:featuredmedia":[{"embeddable":true,"href":"https:\/\/tiendamasruedascoslada.com\/en\/wp-json\/wp\/v2\/media\/707"}],"wp:attachment":[{"href":"https:\/\/tiendamasruedascoslada.com\/en\/wp-json\/wp\/v2\/media?parent=706"}],"wp:term":[{"taxonomy":"product_brand","embeddable":true,"href":"https:\/\/tiendamasruedascoslada.com\/en\/wp-json\/wp\/v2\/product_brand?post=706"},{"taxonomy":"product_cat","embeddable":true,"href":"https:\/\/tiendamasruedascoslada.com\/en\/wp-json\/wp\/v2\/product_cat?post=706"},{"taxonomy":"product_tag","embeddable":true,"href":"https:\/\/tiendamasruedascoslada.com\/en\/wp-json\/wp\/v2\/product_tag?post=706"}],"curies":[{"name":"wp","href":"https:\/\/api.w.org\/{rel}","templated":true}]}}